{"id":285,"date":"2025-02-04T18:55:34","date_gmt":"2025-02-04T18:55:34","guid":{"rendered":"https:\/\/rentaboat-porat.com\/boote\/marinello-19-fisherman\/"},"modified":"2025-02-13T07:31:18","modified_gmt":"2025-02-13T07:31:18","slug":"marinello-19-fisherman","status":"publish","type":"page","link":"https:\/\/rentaboat-porat.com\/de\/boote\/marinello-19-fisherman\/","title":{"rendered":"Marinello 19 Fischer"},"content":{"rendered":"<p>[et_pb_section fb_built=&#8220;1&#8243; fullwidth=&#8220;on&#8220; _builder_version=&#8220;4.27.4&#8243; _module_preset=&#8220;default&#8220; global_colors_info=&#8220;{}&#8220;][et_pb_fullwidth_header title=&#8220;Marinello 19 Fischer&#8220; text_orientation=&#8220;center&#8220; header_fullscreen=&#8220;on&#8220; header_scroll_down=&#8220;on&#8220; button_one_text=&#8220;Jetzt buchen&#8220; button_one_url=&#8220;#book-form&#8220; _builder_version=&#8220;4.27.4&#8243; _module_preset=&#8220;default&#8220; background_enable_color=&#8220;off&#8220; background_image=&#8220;https:\/\/rentaboat-porat.com\/wp-content\/uploads\/2025\/02\/marinello-19-1.webp&#8220; parallax=&#8220;on&#8220; global_colors_info=&#8220;{}&#8220;][\/et_pb_fullwidth_header][\/et_pb_section][et_pb_section fb_built=&#8220;1&#8243; _builder_version=&#8220;4.27.4&#8243; _module_preset=&#8220;default&#8220; global_colors_info=&#8220;{}&#8220;][et_pb_row column_structure=&#8220;3_5,2_5&#8243; _builder_version=&#8220;4.27.4&#8243; _module_preset=&#8220;default&#8220; global_colors_info=&#8220;{}&#8220;][et_pb_column type=&#8220;3_5&#8243; _builder_version=&#8220;4.27.4&#8243; _module_preset=&#8220;default&#8220; global_colors_info=&#8220;{}&#8220;][et_pb_heading title=&#8220;Mieten Sie den Marinello 19 Fisherman&#8220; _builder_version=&#8220;4.27.4&#8243; _module_preset=&#8220;default&#8220; title_level=&#8220;h2&#8243; title_font=&#8220;|||on|||||&#8220; global_colors_info=&#8220;{}&#8220;][\/et_pb_heading][et_pb_text _builder_version=&#8220;4.27.4&#8243; _module_preset=&#8220;default&#8220; global_colors_info=&#8220;{}&#8220;]Der Marinello 19 Fisherman hat hervorragende Eigenschaften auf welligem Meer. Wegen der Sch\u00e4rfe des Kiels ist das Segeln sehr komfortabel. Das Sicherheitsgef\u00fchl an Bord ist au\u00dfergew\u00f6hnlich, da das Boot ein tiefes Cockpit hat und Sie sich darin sicher f\u00fchlen. Das Boot besteht aus hochwertigen Materialien, die in Italien hergestellt wurden. Wenn Sie an Marinello denken, denken Sie an Qualit\u00e4t, italienisches Design, Personalisierung und Sicherheit beim Segeln.[\/et_pb_text][\/et_pb_column][et_pb_column type=&#8220;2_5&#8243; _builder_version=&#8220;4.27.4&#8243; _module_preset=&#8220;default&#8220; custom_padding=&#8220;16px|16px|16px|16px|false|false&#8220; border_width_all=&#8220;2px&#8220; border_color_all=&#8220;#0C71C3&#8243; global_colors_info=&#8220;{}&#8220;][et_pb_heading title=&#8220;Spezifikationen&#8220; _builder_version=&#8220;4.27.4&#8243; _module_preset=&#8220;default&#8220; title_level=&#8220;h2&#8243; title_font=&#8220;|||on|||||&#8220; title_text_align=&#8220;center&#8220; global_colors_info=&#8220;{}&#8220;][\/et_pb_heading][et_pb_divider color=&#8220;#0C71C3&#8243; divider_style=&#8220;dashed&#8220; _builder_version=&#8220;4.27.4&#8243; _module_preset=&#8220;default&#8220; global_colors_info=&#8220;{}&#8220;][\/et_pb_divider][et_pb_text _builder_version=&#8220;4.27.4&#8243; _module_preset=&#8220;default&#8220; global_colors_info=&#8220;{}&#8220;]<\/p>\n<p>L\u00c4NGE: <strong>5,80 m<\/strong><br \/>BREITE: <strong>2,35 m<\/strong><br \/>MOTOR: <strong>115HP YAMAHA<\/strong><br \/>PERSONENKAPAZIT\u00c4T:<strong> 7<\/strong><br \/>KRAFTSTOFFTANK: <strong>100l<\/strong><br \/>BOOTSGEWICHT OHNE MOTOR: <strong>650kg<\/strong><\/p>\n<p>[\/et_pb_text][\/et_pb_column][\/et_pb_row][\/et_pb_section][et_pb_section fb_built=&#8220;1&#8243; _builder_version=&#8220;4.27.4&#8243; _module_preset=&#8220;default&#8220; global_colors_info=&#8220;{}&#8220;][et_pb_row _builder_version=&#8220;4.27.4&#8243; _module_preset=&#8220;default&#8220; global_colors_info=&#8220;{}&#8220;][et_pb_column type=&#8220;4_4&#8243; _builder_version=&#8220;4.27.4&#8243; _module_preset=&#8220;default&#8220; global_colors_info=&#8220;{}&#8220;][et_pb_heading title=&#8220;Boot-Galerie&#8220; _builder_version=&#8220;4.27.4&#8243; _module_preset=&#8220;default&#8220; title_level=&#8220;h2&#8243; title_font=&#8220;|||on|||||&#8220; global_colors_info=&#8220;{}&#8220;][\/et_pb_heading][et_pb_gallery gallery_ids=&#8220;33,83,84,85&#8243; gallery_orderby=&#8220;rand&#8220; fullwidth=&#8220;on&#8220; _builder_version=&#8220;4.27.4&#8243; _module_preset=&#8220;default&#8220; global_colors_info=&#8220;{}&#8220;][\/et_pb_gallery][\/et_pb_column][\/et_pb_row][\/et_pb_section][et_pb_section fb_built=&#8220;1&#8243; _builder_version=&#8220;4.27.4&#8243; _module_preset=&#8220;default&#8220; global_colors_info=&#8220;{}&#8220;][et_pb_row _builder_version=&#8220;4.27.4&#8243; _module_preset=&#8220;default&#8220; locked=&#8220;off&#8220; global_colors_info=&#8220;{}&#8220;][et_pb_column type=&#8220;4_4&#8243; _builder_version=&#8220;4.27.4&#8243; _module_preset=&#8220;default&#8220; global_colors_info=&#8220;{}&#8220;][dvppl_cf7_styler button_alignment=&#8220;center&#8220; cf7=&#8220;128&#8243; form_background_color=&#8220;#FFFFFF&#8220; form_field_active_color=&#8220;#FFFFFF&#8220; module_id=&#8220;book-form&#8220; _builder_version=&#8220;4.27.4&#8243; _module_preset=&#8220;default&#8220; custom_submit_button=&#8220;on&#8220; submit_button_text_color=&#8220;#000000&#8243; custom_padding=&#8220;10px|20px|10px|20px|true|true&#8220; custom_css_free_form=&#8220;selector .flex{||  width: 100%;||  display: flex;||  justify-content: space-between;||  gap: 10px;||}||||selector .flex label{||  width: 100%;||}||||selector .flex input{||  margin-bottom: 0px;||}||||selector input, selector select{||  margin-bottom: 20px;||  border: 0;||  border-bottom: 1px;||  border-bottom-color: #666;||  transition: border-bottom-color 0.5s;||}||||selector input:focus, selector select:focus{||  border-bottom-color: #0c71c3 !important;||}||||selector textarea{||  margin-bottom: 20px;||  border: 1px;||  border-color: #666;||  transition: border-color 0.5s;||}||||selector textarea:focus{||  border-color: #0c71c3 !important;||}||||selector .form_h3{||  font-size:26px;||  text-align: center;||  margin-bottom:20px;||}||||selector .line{||  height:10px;||}||||selector .line::before{||  content: %22%22;||  width: 100%;||  height: 1px;||  border-top: 1px solid rgba(0, 0, 0, .1);||  position: absolute;||  z-index: 10;||  border-top-color: #0C71C3;||  border-top-style: dashed;||}||    ||||selector button{||  color:#666;||  border-color:#666;||  transition: color 0.2s, background-color 0.2s;||}||||selector button:hover{||  color:#fff;||  background-color: #0c71c3||}||||@media only screen and (max-width: 600px) {||\tselector .flex{||    flex-direction:column;||\t}||  selector .flex label:first-child{||    margin-bottom: 20px;||  }||}||||@media only screen and (max-width: 1250px) and (min-width: 981px) {||\tselector .flex{||    flex-direction:column;||\t}||  selector .flex label:first-child{||    margin-bottom: 20px;||  }||}&#8220; border_width_all=&#8220;2px&#8220; border_color_all=&#8220;#0C71C3&#8243; global_module=&#8220;182&#8243; saved_tabs=&#8220;all&#8220; locked=&#8220;off&#8220; global_colors_info=&#8220;{}&#8220; placeholder_font_size__hover_enabled=&#8220;off|desktop&#8220; border_color_all_field__hover_enabled=&#8220;off|desktop&#8220;][\/dvppl_cf7_styler][et_pb_text _builder_version=&#8220;4.27.4&#8243; _module_preset=&#8220;default&#8220; global_colors_info=&#8220;{}&#8220;]Der Preis beinhaltet: &#8211; Versicherung &#8211; Bootsmiete &#8211; Sicherheitsausr\u00fcstung &#8211; Reinigung &#8211; Mehrwertsteuer<\/p>\n<p>Zus\u00e4tzliche Leistungen: &#8211; Langfristige Anmietungen werden separat vereinbart und beinhalten die Miete f\u00fcr 3 Tage.[\/et_pb_text][\/et_pb_column][\/et_pb_row][\/et_pb_section]<\/p>\n","protected":false},"excerpt":{"rendered":"<p>Der Marinello 19 Fisherman hat hervorragende Eigenschaften auf welligem Meer. Wegen der Sch\u00e4rfe des Kiels ist das Segeln sehr komfortabel. Das Sicherheitsgef\u00fchl an Bord ist au\u00dfergew\u00f6hnlich, da das Boot ein tiefes Cockpit hat und Sie sich darin sicher f\u00fchlen. Das Boot besteht aus hochwertigen Materialien, die in Italien hergestellt wurden. Wenn Sie an Marinello denken, denken Sie an Qualit\u00e4t, italienisches Design, Personalisierung und Sicherheit beim Segeln.L\u00c4NGE: 5,80 mBREITE: 2,35 mMOTOR: 115HP YAMAHAPERSONENKAPAZIT\u00c4T: 7KRAFTSTOFFTANK: 100lBOOTSGEWICHT OHNE MOTOR: 650kg<div id=\"&#8220;book-form&#8220;\" class=\"et_pb_module dvppl_cf7_styler dvppl_cf7_styler_0\">\n\t\t\t\t\n\t\t\t\t\n\t\t\t\t\n\t\t\t\t\n\t\t\t\t\n\t\t\t\t\n\t\t\t\t<div class=\"et_pb_module_inner\">\n\t\t\t\t\t<div class=\"dipe-cf7-container dipe-cf7-button-&#8220;center&#8220;\">\n\t\t\t\t\n\t\t\t\t<div class=\"dipe-cf7 dipe-cf7-styler \">\n\t\t\t\t\t<p class=\"wpcf7-contact-form-not-found\"><strong>Fehler:<\/strong> Kontaktformular wurde nicht gefunden.<\/p>\n\t\t\t\t<\/div>\n\t\t\t<\/div>\n\t\t\t\t<\/div>\n\t\t\t<\/div><\/p>\n","protected":false},"author":1,"featured_media":0,"parent":273,"menu_order":0,"comment_status":"closed","ping_status":"closed","template":"","meta":{"_et_pb_use_builder":"on","_et_pb_old_content":"","_et_gb_content_width":"","footnotes":""},"class_list":["post-285","page","type-page","status-publish","hentry"],"_links":{"self":[{"href":"https:\/\/rentaboat-porat.com\/de\/wp-json\/wp\/v2\/pages\/285","targetHints":{"allow":["GET"]}}],"collection":[{"href":"https:\/\/rentaboat-porat.com\/de\/wp-json\/wp\/v2\/pages"}],"about":[{"href":"https:\/\/rentaboat-porat.com\/de\/wp-json\/wp\/v2\/types\/page"}],"author":[{"embeddable":true,"href":"https:\/\/rentaboat-porat.com\/de\/wp-json\/wp\/v2\/users\/1"}],"replies":[{"embeddable":true,"href":"https:\/\/rentaboat-porat.com\/de\/wp-json\/wp\/v2\/comments?post=285"}],"version-history":[{"count":11,"href":"https:\/\/rentaboat-porat.com\/de\/wp-json\/wp\/v2\/pages\/285\/revisions"}],"predecessor-version":[{"id":515,"href":"https:\/\/rentaboat-porat.com\/de\/wp-json\/wp\/v2\/pages\/285\/revisions\/515"}],"up":[{"embeddable":true,"href":"https:\/\/rentaboat-porat.com\/de\/wp-json\/wp\/v2\/pages\/273"}],"wp:attachment":[{"href":"https:\/\/rentaboat-porat.com\/de\/wp-json\/wp\/v2\/media?parent=285"}],"curies":[{"name":"wp","href":"https:\/\/api.w.org\/{rel}","templated":true}]}}