{"id":653,"date":"2025-04-24T15:09:06","date_gmt":"2025-04-24T15:09:06","guid":{"rendered":"https:\/\/rentaboat-porat.com\/sonderangebot-langzeit-bootsvermietung\/"},"modified":"2025-04-24T17:18:00","modified_gmt":"2025-04-24T17:18:00","slug":"sonderangebot-langzeit-bootsvermietung","status":"publish","type":"page","link":"https:\/\/rentaboat-porat.com\/de\/sonderangebot-langzeit-bootsvermietung\/","title":{"rendered":"Sonderangebot: Langzeit-Bootsvermietung"},"content":{"rendered":"<p>[et_pb_section fb_built=&#8220;1&#8243; fullwidth=&#8220;on&#8220; _builder_version=&#8220;4.27.4&#8243; _module_preset=&#8220;default&#8220; global_colors_info=&#8220;{}&#8220;][et_pb_fullwidth_header title=&#8220;Sonderangebot&#8220; subhead=&#8220;Langzeit-Bootsvermietung&#8220; text_orientation=&#8220;center&#8220; _builder_version=&#8220;4.27.4&#8243; _module_preset=&#8220;default&#8220; subhead_font_size=&#8220;28px&#8220; background_enable_color=&#8220;off&#8220; background_image=&#8220;https:\/\/rentaboat-porat.com\/wp-content\/uploads\/2025\/02\/Olivari-42.webp&#8220; hover_enabled=&#8220;0&#8243; title_font_size_tablet=&#8220;&#8220; title_font_size_phone=&#8220;36px&#8220; title_font_size_last_edited=&#8220;on|phone&#8220; global_colors_info=&#8220;{}&#8220; custom_css_header_container_last_edited=&#8220;on|phone&#8220; custom_css_header_container=&#8220;margin-block: 60px;&#8220; sticky_enabled=&#8220;0&#8243; custom_css_header_container_phone=&#8220;margin-block: 0px;&#8220; custom_css_header_container_tablet=&#8220;margin-block: 60px;&#8220;][\/et_pb_fullwidth_header][\/et_pb_section][et_pb_section fb_built=&#8220;1&#8243; _builder_version=&#8220;4.27.4&#8243; _module_preset=&#8220;default&#8220; global_colors_info=&#8220;{}&#8220;][et_pb_row _builder_version=&#8220;4.27.4&#8243; _module_preset=&#8220;default&#8220; global_colors_info=&#8220;{}&#8220;][et_pb_column type=&#8220;4_4&#8243; _builder_version=&#8220;4.27.4&#8243; _module_preset=&#8220;default&#8220; global_colors_info=&#8220;{}&#8220;][et_pb_heading title=&#8220;Mehr Tage auf See, mehr Ersparnis!&#8220; _builder_version=&#8220;4.27.4&#8243; _module_preset=&#8220;default&#8220; title_text_align=&#8220;center&#8220; title_font_size_tablet=&#8220;&#8220; title_font_size_phone=&#8220;36px&#8220; title_font_size_last_edited=&#8220;on|phone&#8220; global_colors_info=&#8220;{}&#8220;][\/et_pb_heading][et_pb_text _builder_version=&#8220;4.27.4&#8243; _module_preset=&#8220;default&#8220; global_colors_info=&#8220;{}&#8220;]<\/p>\n<p style=\"text-align: center;\">Planen Sie einen l\u00e4ngeren Urlaub auf der Insel Krk? Nutzen Sie unser spezielles Angebot f\u00fcr die Langzeitmiete von Booten und genie\u00dfen Sie unvergessliche maritime Abenteuer mit erheblichen Einsparungen.\u200b <\/p>\n<p style=\"text-align: center;\">Egal, ob Sie versteckte Buchten erkunden, angeln oder einfach nur auf dem offenen Meer entspannen m\u00f6chten \u2013 unsere Langzeit-Bootsvermietung bietet Ihnen die Freiheit und Flexibilit\u00e4t, Ihren Urlaub ganz nach Ihren W\u00fcnschen zu gestalten.\u200b<\/p>\n<p>[\/et_pb_text][\/et_pb_column][\/et_pb_row][\/et_pb_section][et_pb_section fb_built=&#8220;1&#8243; _builder_version=&#8220;4.27.4&#8243; _module_preset=&#8220;default&#8220; background_color=&#8220;rgba(255,255,255,0.8)&#8220; background_image=&#8220;https:\/\/rentaboat-porat.com\/wp-content\/uploads\/2025\/02\/quicksilver-755-3.webp&#8220; background_blend=&#8220;screen&#8220; global_colors_info=&#8220;{}&#8220;][et_pb_row _builder_version=&#8220;4.27.4&#8243; _module_preset=&#8220;default&#8220; global_colors_info=&#8220;{}&#8220;][et_pb_column type=&#8220;4_4&#8243; _builder_version=&#8220;4.27.4&#8243; _module_preset=&#8220;default&#8220; global_colors_info=&#8220;{}&#8220;][et_pb_heading title=&#8220;Rabatte f\u00fcr Langzeitmieten&#8220; _builder_version=&#8220;4.27.4&#8243; _module_preset=&#8220;default&#8220; title_font=&#8220;|700|||||||&#8220; title_text_align=&#8220;center&#8220; title_text_color=&#8220;#0C71C3&#8243; title_font_size_tablet=&#8220;&#8220; title_font_size_phone=&#8220;36px&#8220; title_font_size_last_edited=&#8220;on|phone&#8220; global_colors_info=&#8220;{}&#8220;][\/et_pb_heading][\/et_pb_column][\/et_pb_row][et_pb_row column_structure=&#8220;1_3,1_3,1_3&#8243; _builder_version=&#8220;4.27.4&#8243; _module_preset=&#8220;default&#8220; global_colors_info=&#8220;{}&#8220;][et_pb_column type=&#8220;1_3&#8243; _builder_version=&#8220;4.27.4&#8243; _module_preset=&#8220;default&#8220; global_colors_info=&#8220;{}&#8220;][et_pb_blurb title=&#8220;4 &#8211; 7 Tage&#8220; use_icon=&#8220;on&#8220; _builder_version=&#8220;4.27.4&#8243; _module_preset=&#8220;default&#8220; header_font=&#8220;|700|||||||&#8220; body_font=&#8220;|700|||||||&#8220; body_text_color=&#8220;#0C71C3&#8243; body_font_size=&#8220;36px&#8220; text_orientation=&#8220;center&#8220; global_colors_info=&#8220;{}&#8220;]<\/p>\n<p>15% Rabatt<\/p>\n<p>[\/et_pb_blurb][\/et_pb_column][et_pb_column type=&#8220;1_3&#8243; _builder_version=&#8220;4.27.4&#8243; _module_preset=&#8220;default&#8220; global_colors_info=&#8220;{}&#8220;][et_pb_blurb title=&#8220;8 &#8211; 14 Tage&#8220; use_icon=&#8220;on&#8220; _builder_version=&#8220;4.27.4&#8243; _module_preset=&#8220;default&#8220; header_font=&#8220;|700|||||||&#8220; body_font=&#8220;|700|||||||&#8220; body_text_color=&#8220;#0C71C3&#8243; body_font_size=&#8220;36px&#8220; text_orientation=&#8220;center&#8220; global_colors_info=&#8220;{}&#8220;]20% Rabatt[\/et_pb_blurb][\/et_pb_column][et_pb_column type=&#8220;1_3&#8243; _builder_version=&#8220;4.27.4&#8243; _module_preset=&#8220;default&#8220; global_colors_info=&#8220;{}&#8220;][et_pb_blurb title=&#8220;15 &#8211; 21 Tage&#8220; use_icon=&#8220;on&#8220; _builder_version=&#8220;4.27.4&#8243; _module_preset=&#8220;default&#8220; header_font=&#8220;|700|||||||&#8220; body_font=&#8220;|700|||||||&#8220; body_text_color=&#8220;#0C71C3&#8243; body_font_size=&#8220;36px&#8220; text_orientation=&#8220;center&#8220; global_colors_info=&#8220;{}&#8220;]25% Rabatt[\/et_pb_blurb][\/et_pb_column][\/et_pb_row][\/et_pb_section][et_pb_section fb_built=&#8220;1&#8243; _builder_version=&#8220;4.27.4&#8243; _module_preset=&#8220;default&#8220; border_width_bottom=&#8220;4px&#8220; border_color_bottom=&#8220;#0C71C3&#8243; global_colors_info=&#8220;{}&#8220;][et_pb_row _builder_version=&#8220;4.27.4&#8243; _module_preset=&#8220;default&#8220; global_colors_info=&#8220;{}&#8220;][et_pb_column type=&#8220;4_4&#8243; _builder_version=&#8220;4.27.4&#8243; _module_preset=&#8220;default&#8220; global_colors_info=&#8220;{}&#8220;][et_pb_text _builder_version=&#8220;4.27.4&#8243; _module_preset=&#8220;default&#8220; global_colors_info=&#8220;{}&#8220;]<\/p>\n<p style=\"text-align: center;\">Ob Sie eine Woche der Entspannung oder ein l\u00e4ngeres Abenteuer planen \u2013 unser Angebot ist auf Ihre Bed\u00fcrfnisse zugeschnitten. Genie\u00dfen Sie die Freiheit des Segelns, entdecken Sie versteckte Buchten und schaffen Sie unvergessliche Erinnerungen.\u200b <\/p>\n<p>[\/et_pb_text][et_pb_heading title=&#8220;Warum uns w\u00e4hlen?&#8220; _builder_version=&#8220;4.27.4&#8243; _module_preset=&#8220;default&#8220; title_text_align=&#8220;center&#8220; title_font_size_tablet=&#8220;&#8220; title_font_size_phone=&#8220;36px&#8220; title_font_size_last_edited=&#8220;on|phone&#8220; global_colors_info=&#8220;{}&#8220;][\/et_pb_heading][\/et_pb_column][\/et_pb_row][et_pb_row column_structure=&#8220;1_2,1_2&#8243; _builder_version=&#8220;4.27.4&#8243; _module_preset=&#8220;default&#8220; global_colors_info=&#8220;{}&#8220;][et_pb_column type=&#8220;1_2&#8243; _builder_version=&#8220;4.27.4&#8243; _module_preset=&#8220;default&#8220; global_colors_info=&#8220;{}&#8220;][et_pb_blurb title=&#8220;Zwei attraktive Standorte&#8220; use_icon=&#8220;on&#8220; font_icon=&#8220;&#xf276;||fa||900&#8243; icon_color=&#8220;#0C71C3&#8243; icon_placement=&#8220;left&#8220; image_icon_width=&#8220;48px&#8220; _builder_version=&#8220;4.27.4&#8243; _module_preset=&#8220;default&#8220; header_font_size_tablet=&#8220;&#8220; header_font_size_phone=&#8220;20px&#8220; header_font_size_last_edited=&#8220;on|phone&#8220; custom_css_blurb_image=&#8220;width: 48px;||    aspect-ratio: 1 \/ 1;||    display: flex||;||    align-items: center;||    justify-content: center;&#8220; custom_css_blurb_content=&#8220;margin-left:0px;||display:flex;||gap: 8px;&#8220; global_colors_info=&#8220;{}&#8220;]<\/p>\n<p>Porat und Malinska<\/p>\n<p>[\/et_pb_blurb][et_pb_blurb title=&#8220;Moderne und zuverl\u00e4ssige Boote&#8220; use_icon=&#8220;on&#8220; font_icon=&#8220;&#xf13d;||fa||900&#8243; icon_color=&#8220;#0C71C3&#8243; icon_placement=&#8220;left&#8220; image_icon_width=&#8220;48px&#8220; _builder_version=&#8220;4.27.4&#8243; _module_preset=&#8220;default&#8220; header_font_size_tablet=&#8220;&#8220; header_font_size_phone=&#8220;20px&#8220; header_font_size_last_edited=&#8220;on|phone&#8220; custom_css_blurb_image=&#8220;width: 48px;||    aspect-ratio: 1 \/ 1;||    display: flex||;||    align-items: center;||    justify-content: center;&#8220; custom_css_blurb_content=&#8220;margin-left:0px;||display:flex;||gap: 8px;&#8220; global_colors_info=&#8220;{}&#8220;]<\/p>\n<p>Regelm\u00e4\u00dfig gewartet und vollst\u00e4ndig ausgestattet<\/p>\n<p>[\/et_pb_blurb][\/et_pb_column][et_pb_column type=&#8220;1_2&#8243; _builder_version=&#8220;4.27.4&#8243; _module_preset=&#8220;default&#8220; global_colors_info=&#8220;{}&#8220;][et_pb_blurb title=&#8220;Einfache Buchung&#8220; use_icon=&#8220;on&#8220; font_icon=&#8220;&#xf590;||fa||900&#8243; icon_color=&#8220;#0C71C3&#8243; icon_placement=&#8220;left&#8220; image_icon_width=&#8220;48px&#8220; _builder_version=&#8220;4.27.4&#8243; _module_preset=&#8220;default&#8220; header_font_size_tablet=&#8220;&#8220; header_font_size_phone=&#8220;20px&#8220; header_font_size_last_edited=&#8220;on|phone&#8220; custom_css_blurb_image=&#8220;width: 48px;||    aspect-ratio: 1 \/ 1;||    display: flex||;||    align-items: center;||    justify-content: center;&#8220; custom_css_blurb_content=&#8220;margin-left:0px;||display:flex;||gap: 8px;&#8220; global_colors_info=&#8220;{}&#8220;]<\/p>\n<p>Online oder telefonisch<\/p>\n<p>[\/et_pb_blurb][et_pb_blurb title=&#8220;Flexibilit\u00e4t&#8220; use_icon=&#8220;on&#8220; font_icon=&#8220;&#xf21a;||fa||900&#8243; icon_color=&#8220;#0C71C3&#8243; icon_placement=&#8220;left&#8220; image_icon_width=&#8220;48px&#8220; _builder_version=&#8220;4.27.4&#8243; _module_preset=&#8220;default&#8220; header_font_size_tablet=&#8220;&#8220; header_font_size_phone=&#8220;20px&#8220; header_font_size_last_edited=&#8220;on|phone&#8220; custom_css_blurb_image=&#8220;width: 48px;||    aspect-ratio: 1 \/ 1;||    display: flex||;||    align-items: center;||    justify-content: center;&#8220; custom_css_blurb_content=&#8220;margin-left:0px;||display:flex;||gap: 8px;&#8220; global_colors_info=&#8220;{}&#8220;]<\/p>\n<p>Miete mit oder ohne Skipper m\u00f6glich\u200b<\/p>\n<p>[\/et_pb_blurb][\/et_pb_column][\/et_pb_row][\/et_pb_section][et_pb_section fb_built=&#8220;1&#8243; _builder_version=&#8220;4.27.4&#8243; _module_preset=&#8220;default&#8220; global_colors_info=&#8220;{}&#8220;][et_pb_row _builder_version=&#8220;4.27.4&#8243; _module_preset=&#8220;default&#8220; max_width=&#8220;1024px&#8220; global_colors_info=&#8220;{}&#8220;][et_pb_column type=&#8220;4_4&#8243; _builder_version=&#8220;4.27.4&#8243; _module_preset=&#8220;default&#8220; global_colors_info=&#8220;{}&#8220;][et_pb_heading title=&#8220;Jetzt buchen und dieses Sonderangebot nutzen!&#8220; _builder_version=&#8220;4.27.4&#8243; _module_preset=&#8220;default&#8220; title_level=&#8220;h2&#8243; title_text_align=&#8220;center&#8220; title_font_size=&#8220;32px&#8220; custom_margin=&#8220;||8px|||&#8220; global_colors_info=&#8220;{}&#8220;][\/et_pb_heading][et_pb_text _builder_version=&#8220;4.27.4&#8243; _module_preset=&#8220;default&#8220; global_colors_info=&#8220;{}&#8220;]<\/p>\n<p style=\"text-align: center;\">Verpassen Sie nicht die Gelegenheit f\u00fcr den perfekten Urlaub auf dem Meer. Kontaktieren Sie uns und sichern Sie sich Ihr Boot zu vorteilhaften Konditionen.\u200b <\/p>\n<p style=\"text-align: center;\">Unser Angebot ist zeitlich begrenzt und h\u00e4ngt von der Verf\u00fcgbarkeit der Boote ab. Daher empfehlen wir, so fr\u00fch wie m\u00f6glich zu buchen, um Ihr ideales Boot f\u00fcr das Sommerabenteuer zu sichern.\u200b<\/p>\n<p>[\/et_pb_text][\/et_pb_column][\/et_pb_row][et_pb_row _builder_version=&#8220;4.27.4&#8243; _module_preset=&#8220;default&#8220; max_width=&#8220;760px&#8220; global_colors_info=&#8220;{}&#8220;][et_pb_column type=&#8220;4_4&#8243; _builder_version=&#8220;4.27.4&#8243; _module_preset=&#8220;default&#8220; global_colors_info=&#8220;{}&#8220;][dvppl_cf7_styler button_alignment=&#8220;center&#8220; cf7=&#8220;128&#8243; form_background_color=&#8220;#FFFFFF&#8220; form_field_active_color=&#8220;#FFFFFF&#8220; module_id=&#8220;book-form&#8220; _builder_version=&#8220;4.27.4&#8243; _module_preset=&#8220;default&#8220; custom_submit_button=&#8220;on&#8220; submit_button_text_color=&#8220;#000000&#8243; custom_padding=&#8220;10px|20px|10px|20px|true|true&#8220; custom_css_free_form=&#8220;selector .flex{||  width: 100%;||  display: flex;||  justify-content: space-between;||  gap: 10px;||}||||selector .flex label{||  width: 100%;||}||||selector .flex input{||  margin-bottom: 0px;||}||||selector input, selector select{||  margin-bottom: 20px;||  border: 0;||  border-bottom: 1px;||  border-bottom-color: #666;||  transition: border-bottom-color 0.5s;||}||||selector input:focus, selector select:focus{||  border-bottom-color: #0c71c3 !important;||}||||selector textarea{||  margin-bottom: 20px;||  border: 1px;||  border-color: #666;||  transition: border-color 0.5s;||}||||selector textarea:focus{||  border-color: #0c71c3 !important;||}||||selector .form_h3{||  font-size:26px;||  text-align: center;||  margin-bottom:20px;||}||||selector .line{||  height:10px;||}||||selector .line::before{||  content: %22%22;||  width: 100%;||  height: 1px;||  border-top: 1px solid rgba(0, 0, 0, .1);||  position: absolute;||  z-index: 10;||  border-top-color: #0C71C3;||  border-top-style: dashed;||}||    ||||selector button{||  color:#666;||  border-color:#666;||  transition: color 0.2s, background-color 0.2s;||}||||selector button:hover{||  color:#fff;||  background-color: #0c71c3||}||||@media only screen and (max-width: 600px) {|| selector .flex{||    flex-direction:column;|| }||  selector .flex label:first-child{||    margin-bottom: 20px;||  }||}||||@media only screen and (max-width: 1250px) and (min-width: 981px) {|| selector .flex{||    flex-direction:column;|| }||  selector .flex label:first-child{||    margin-bottom: 20px;||  }||}&#8220; border_width_all=&#8220;2px&#8220; border_color_all=&#8220;#0C71C3&#8243; global_module=&#8220;182&#8243; saved_tabs=&#8220;all&#8220; locked=&#8220;off&#8220; global_colors_info=&#8220;{}&#8220; placeholder_font_size__hover_enabled=&#8220;off|desktop&#8220; border_color_all_field__hover_enabled=&#8220;off|desktop&#8220;][\/dvppl_cf7_styler][\/et_pb_column][\/et_pb_row][\/et_pb_section]<\/p>\n","protected":false},"excerpt":{"rendered":"<p>Planen Sie einen l\u00e4ngeren Urlaub auf der Insel Krk? Nutzen Sie unser spezielles Angebot f\u00fcr die Langzeitmiete von Booten und genie\u00dfen Sie unvergessliche maritime Abenteuer mit erheblichen Einsparungen.\u200b Egal, ob Sie versteckte Buchten erkunden, angeln oder einfach nur auf dem offenen Meer entspannen m\u00f6chten \u2013 unsere Langzeit-Bootsvermietung bietet Ihnen die Freiheit und Flexibilit\u00e4t, Ihren Urlaub ganz nach Ihren W\u00fcnschen zu gestalten.\u200b15% Rabatt20% Rabatt25% RabattOb Sie eine Woche der Entspannung oder ein l\u00e4ngeres Abenteuer planen \u2013 unser Angebot ist auf Ihre Bed\u00fcrfnisse zugeschnitten. Genie\u00dfen Sie die Freiheit des Segelns, entdecken Sie versteckte Buchten und schaffen Sie unvergessliche Erinnerungen.\u200b Porat und MalinskaRegelm\u00e4\u00dfig gewartet und vollst\u00e4ndig ausgestattetOnline oder telefonischMiete mit oder ohne Skipper m\u00f6glich\u200bVerpassen Sie nicht die Gelegenheit f\u00fcr den perfekten Urlaub auf dem Meer. Kontaktieren Sie uns und sichern Sie sich Ihr Boot zu vorteilhaften Konditionen.\u200b Unser Angebot ist zeitlich begrenzt und h\u00e4ngt von der Verf\u00fcgbarkeit der Boote ab. Daher empfehlen wir, so fr\u00fch wie m\u00f6glich zu buchen, um Ihr ideales Boot f\u00fcr das Sommerabenteuer zu sichern.\u200b<div id=\"&#8220;book-form&#8220;\" class=\"et_pb_module dvppl_cf7_styler dvppl_cf7_styler_0\">\n\t\t\t\t\n\t\t\t\t\n\t\t\t\t\n\t\t\t\t\n\t\t\t\t\n\t\t\t\t\n\t\t\t\t<div class=\"et_pb_module_inner\">\n\t\t\t\t\t<div class=\"dipe-cf7-container dipe-cf7-button-&#8220;center&#8220;\">\n\t\t\t\t\n\t\t\t\t<div class=\"dipe-cf7 dipe-cf7-styler \">\n\t\t\t\t\t<p class=\"wpcf7-contact-form-not-found\"><strong>Fehler:<\/strong> Kontaktformular wurde nicht gefunden.<\/p>\n\t\t\t\t<\/div>\n\t\t\t<\/div>\n\t\t\t\t<\/div>\n\t\t\t<\/div><\/p>\n","protected":false},"author":1,"featured_media":0,"parent":0,"menu_order":0,"comment_status":"closed","ping_status":"closed","template":"","meta":{"_et_pb_use_builder":"on","_et_pb_old_content":"","_et_gb_content_width":"","footnotes":""},"class_list":["post-653","page","type-page","status-publish","hentry"],"_links":{"self":[{"href":"https:\/\/rentaboat-porat.com\/de\/wp-json\/wp\/v2\/pages\/653","targetHints":{"allow":["GET"]}}],"collection":[{"href":"https:\/\/rentaboat-porat.com\/de\/wp-json\/wp\/v2\/pages"}],"about":[{"href":"https:\/\/rentaboat-porat.com\/de\/wp-json\/wp\/v2\/types\/page"}],"author":[{"embeddable":true,"href":"https:\/\/rentaboat-porat.com\/de\/wp-json\/wp\/v2\/users\/1"}],"replies":[{"embeddable":true,"href":"https:\/\/rentaboat-porat.com\/de\/wp-json\/wp\/v2\/comments?post=653"}],"version-history":[{"count":2,"href":"https:\/\/rentaboat-porat.com\/de\/wp-json\/wp\/v2\/pages\/653\/revisions"}],"predecessor-version":[{"id":655,"href":"https:\/\/rentaboat-porat.com\/de\/wp-json\/wp\/v2\/pages\/653\/revisions\/655"}],"wp:attachment":[{"href":"https:\/\/rentaboat-porat.com\/de\/wp-json\/wp\/v2\/media?parent=653"}],"curies":[{"name":"wp","href":"https:\/\/api.w.org\/{rel}","templated":true}]}}