{"id":748,"date":"2025-05-21T06:52:09","date_gmt":"2025-05-21T06:52:09","guid":{"rendered":"https:\/\/rentaboat-porat.com\/boote\/she-bavaria-46\/"},"modified":"2025-06-02T20:08:03","modified_gmt":"2025-06-02T20:08:03","slug":"she-bavaria-46","status":"publish","type":"page","link":"https:\/\/rentaboat-porat.com\/de\/boote\/she-bavaria-46\/","title":{"rendered":"SHE (Bavaria 46)"},"content":{"rendered":"<p>[et_pb_section fb_built=&#8220;1&#8243; fullwidth=&#8220;on&#8220; _builder_version=&#8220;4.27.4&#8243; _module_preset=&#8220;default&#8220; global_colors_info=&#8220;{}&#8220;][et_pb_fullwidth_header title=&#8220;SHE (Bavaria 46)&#8220; text_orientation=&#8220;center&#8220; header_fullscreen=&#8220;on&#8220; header_scroll_down=&#8220;on&#8220; button_one_text=&#8220;Jetzt buchen&#8220; button_one_url=&#8220;#book-form&#8220; _builder_version=&#8220;4.27.4&#8243; _module_preset=&#8220;default&#8220; background_enable_color=&#8220;off&#8220; background_image=&#8220;https:\/\/rentaboat-porat.com\/wp-content\/uploads\/2025\/05\/she-cover.webp&#8220; background_position=&#8220;bottom_center&#8220; global_colors_info=&#8220;{}&#8220;][\/et_pb_fullwidth_header][\/et_pb_section][et_pb_section fb_built=&#8220;1&#8243; _builder_version=&#8220;4.27.4&#8243; _module_preset=&#8220;default&#8220; global_colors_info=&#8220;{}&#8220;][et_pb_row column_structure=&#8220;3_5,2_5&#8243; _builder_version=&#8220;4.27.4&#8243; _module_preset=&#8220;default&#8220; global_colors_info=&#8220;{}&#8220;][et_pb_column type=&#8220;3_5&#8243; _builder_version=&#8220;4.27.4&#8243; _module_preset=&#8220;default&#8220; global_colors_info=&#8220;{}&#8220;][et_pb_heading title=&#8220;Segelboot SHE (Bavaria 46) mieten&#8220; _builder_version=&#8220;4.27.4&#8243; _module_preset=&#8220;default&#8220; title_level=&#8220;h2&#8243; title_font=&#8220;|||on|||||&#8220; global_colors_info=&#8220;{}&#8220;][\/et_pb_heading][et_pb_text _builder_version=&#8220;4.27.4&#8243; _module_preset=&#8220;default&#8220; hover_enabled=&#8220;0&#8243; global_colors_info=&#8220;{}&#8220; sticky_enabled=&#8220;0&#8243;]<\/p>\n<p>Tauchen Sie ein in die Welt des Segelns mit der <strong>Bavaria 46<\/strong>, einem Segelboot, das Komfort, Ger\u00e4umigkeit und Leistung perfekt vereint. Hergestellt im Jahr <strong>2006<\/strong>, ist dieses Segelboot ideal f\u00fcr Familienausfl\u00fcge oder Reisen mit Freunden und bietet alles, was f\u00fcr ein unvergessliches Erlebnis auf See n\u00f6tig ist. <\/p>\n<p>Mit <strong>vier ger\u00e4umigen Kabinen<\/strong> bietet die Bavaria 46 ausreichend Privatsph\u00e4re und Komfort f\u00fcr bis zu acht Personen. <strong>Zwei elegant ausgestattete Toiletten<\/strong> gew\u00e4hrleisten Praktikabilit\u00e4t und Funktionalit\u00e4t w\u00e4hrend Ihres gesamten Aufenthalts. Das Interieur des Bootes wurde mit einem Schwerpunkt auf Komfort und Entspannung gestaltet, mit einem ger\u00e4umigen Salon, der sich perfekt zum Geselligkeit und Essen eignet. F\u00fcr Ihren vollst\u00e4ndigen Komfort ist das Boot mit einem <strong>220V-Wechselrichter<\/strong> ausgestattet, der das Laden aller elektronischen Ger\u00e4te erm\u00f6glicht, und einem <strong>Eisw\u00fcrfelbereiter <\/strong> f\u00fcr immer kalte Getr\u00e4nke. <strong>Rollsegel <\/strong> machen die Handhabung des Segelbootes einfach und angenehm, selbst f\u00fcr weniger erfahrene Segler, und sorgen f\u00fcr ein ruhiges und stabiles Segeln. <\/p>\n<p>Egal, ob Sie entspannte Tage beim Erkunden versteckter Buchten, das Genie\u00dfen der Sonne auf dem ger\u00e4umigen Deck oder abenteuerliches Segeln auf offener See planen, die Bavaria 46 ist Ihre perfekte Wahl. Ergeben Sie sich der Ruhe und Sch\u00f6nheit der Adria mit diesem hervorragenden Segelboot. <\/p>\n<p>[\/et_pb_text][\/et_pb_column][et_pb_column type=&#8220;2_5&#8243; _builder_version=&#8220;4.27.4&#8243; _module_preset=&#8220;default&#8220; custom_padding=&#8220;16px|16px|16px|16px|false|false&#8220; border_width_all=&#8220;2px&#8220; border_color_all=&#8220;#0C71C3&#8243; global_colors_info=&#8220;{}&#8220;][et_pb_heading title=&#8220;Spezifikationen&#8220; _builder_version=&#8220;4.27.4&#8243; _module_preset=&#8220;default&#8220; title_level=&#8220;h2&#8243; title_font=&#8220;|||on|||||&#8220; title_text_align=&#8220;center&#8220; global_colors_info=&#8220;{}&#8220;][\/et_pb_heading][et_pb_divider color=&#8220;#0C71C3&#8243; divider_style=&#8220;dashed&#8220; _builder_version=&#8220;4.27.4&#8243; _module_preset=&#8220;default&#8220; global_colors_info=&#8220;{}&#8220;][\/et_pb_divider][et_pb_text _builder_version=&#8220;4.27.4&#8243; _module_preset=&#8220;default&#8220; global_colors_info=&#8220;{}&#8220;]<\/p>\n<p>BAUJAHR: <strong>2006<\/strong><br \/>KABINEN: <strong>4<\/strong><br \/>WC\/B\u00c4DER: <strong>2<\/strong><br \/>WECHSELRICHTER:<strong> 220V<\/strong><br \/>EISW\u00dcRFELBEREITER: <strong>Ja<br \/><\/strong>SEGEL: <strong>Rollsegel<\/strong><\/p>\n<p>[\/et_pb_text][\/et_pb_column][\/et_pb_row][\/et_pb_section][et_pb_section fb_built=&#8220;1&#8243; _builder_version=&#8220;4.27.4&#8243; _module_preset=&#8220;default&#8220; global_colors_info=&#8220;{}&#8220;][et_pb_row _builder_version=&#8220;4.27.4&#8243; _module_preset=&#8220;default&#8220; global_colors_info=&#8220;{}&#8220;][et_pb_column type=&#8220;4_4&#8243; _builder_version=&#8220;4.27.4&#8243; _module_preset=&#8220;default&#8220; global_colors_info=&#8220;{}&#8220;][et_pb_heading title=&#8220;Boot-Galerie&#8220; _builder_version=&#8220;4.27.4&#8243; _module_preset=&#8220;default&#8220; title_level=&#8220;h2&#8243; title_font=&#8220;|||on|||||&#8220; global_colors_info=&#8220;{}&#8220;][\/et_pb_heading][et_pb_gallery gallery_ids=&#8220;733,725,729,697,701,705,709,713,717,721&#8243; fullwidth=&#8220;on&#8220; _builder_version=&#8220;4.27.4&#8243; _module_preset=&#8220;default&#8220; global_colors_info=&#8220;{}&#8220;][\/et_pb_gallery][\/et_pb_column][\/et_pb_row][\/et_pb_section][et_pb_section fb_built=&#8220;1&#8243; _builder_version=&#8220;4.27.4&#8243; _module_preset=&#8220;default&#8220; global_colors_info=&#8220;{}&#8220;][et_pb_row _builder_version=&#8220;4.27.4&#8243; _module_preset=&#8220;default&#8220; locked=&#8220;off&#8220; global_colors_info=&#8220;{}&#8220;][et_pb_column type=&#8220;4_4&#8243; _builder_version=&#8220;4.27.4&#8243; _module_preset=&#8220;default&#8220; global_colors_info=&#8220;{}&#8220;][dvppl_cf7_styler button_alignment=&#8220;center&#8220; cf7=&#8220;128&#8243; form_background_color=&#8220;#FFFFFF&#8220; form_field_active_color=&#8220;#FFFFFF&#8220; module_id=&#8220;book-form&#8220; _builder_version=&#8220;4.27.4&#8243; _module_preset=&#8220;default&#8220; custom_submit_button=&#8220;on&#8220; submit_button_text_color=&#8220;#000000&#8243; custom_padding=&#8220;10px|20px|10px|20px|true|true&#8220; custom_css_free_form=&#8220;selector .flex{||  width: 100%;||  display: flex;||  justify-content: space-between;||  gap: 10px;||}||||selector .flex label{||  width: 100%;||}||||selector .flex input{||  margin-bottom: 0px;||}||||selector input, selector select{||  margin-bottom: 20px;||  border: 0;||  border-bottom: 1px;||  border-bottom-color: #666;||  transition: border-bottom-color 0.5s;||}||||selector input:focus, selector select:focus{||  border-bottom-color: #0c71c3 !important;||}||||selector textarea{||  margin-bottom: 20px;||  border: 1px;||  border-color: #666;||  transition: border-color 0.5s;||}||||selector textarea:focus{||  border-color: #0c71c3 !important;||}||||selector .form_h3{||  font-size:26px;||  text-align: center;||  margin-bottom:20px;||}||||selector .line{||  height:10px;||}||||selector .line::before{||  content: %22%22;||  width: 100%;||  height: 1px;||  border-top: 1px solid rgba(0, 0, 0, .1);||  position: absolute;||  z-index: 10;||  border-top-color: #0C71C3;||  border-top-style: dashed;||}||    ||||selector button{||  color:#666;||  border-color:#666;||  transition: color 0.2s, background-color 0.2s;||}||||selector button:hover{||  color:#fff;||  background-color: #0c71c3||}||||@media only screen and (max-width: 600px) {||\tselector .flex{||    flex-direction:column;||\t}||  selector .flex label:first-child{||    margin-bottom: 20px;||  }||}||||@media only screen and (max-width: 1250px) and (min-width: 981px) {||\tselector .flex{||    flex-direction:column;||\t}||  selector .flex label:first-child{||    margin-bottom: 20px;||  }||}&#8220; border_width_all=&#8220;2px&#8220; border_color_all=&#8220;#0C71C3&#8243; global_module=&#8220;182&#8243; saved_tabs=&#8220;all&#8220; locked=&#8220;off&#8220; global_colors_info=&#8220;{}&#8220; placeholder_font_size__hover_enabled=&#8220;off|desktop&#8220; border_color_all_field__hover_enabled=&#8220;off|desktop&#8220;][\/dvppl_cf7_styler][et_pb_text _builder_version=&#8220;4.27.4&#8243; _module_preset=&#8220;default&#8220; global_colors_info=&#8220;{}&#8220;]Der Preis beinhaltet: &#8211; Versicherung &#8211; Bootsmiete &#8211; Sicherheitsausr\u00fcstung &#8211; Reinigung &#8211; Mehrwertsteuer<\/p>\n<p>Zus\u00e4tzliche Leistungen: &#8211; Langfristige Anmietungen werden separat vereinbart und beinhalten die Miete f\u00fcr 3 Tage.[\/et_pb_text][\/et_pb_column][\/et_pb_row][\/et_pb_section]<\/p>\n","protected":false},"excerpt":{"rendered":"<p>Tauchen Sie ein in die Welt des Segelns mit der Bavaria 46, einem Segelboot, das Komfort, Ger\u00e4umigkeit und Leistung perfekt vereint. Hergestellt im Jahr 2006, ist dieses Segelboot ideal f\u00fcr Familienausfl\u00fcge oder Reisen mit Freunden und bietet alles, was f\u00fcr ein unvergessliches Erlebnis auf See n\u00f6tig ist. Mit vier ger\u00e4umigen Kabinen bietet die Bavaria 46 ausreichend Privatsph\u00e4re und Komfort f\u00fcr bis zu acht Personen. Zwei elegant ausgestattete Toiletten gew\u00e4hrleisten Praktikabilit\u00e4t und Funktionalit\u00e4t w\u00e4hrend Ihres gesamten Aufenthalts. Das Interieur des Bootes wurde mit einem Schwerpunkt auf Komfort und Entspannung gestaltet, mit einem ger\u00e4umigen Salon, der sich perfekt zum Geselligkeit und Essen eignet. F\u00fcr Ihren vollst\u00e4ndigen Komfort ist das Boot mit einem 220V-Wechselrichter ausgestattet, der das Laden aller elektronischen Ger\u00e4te erm\u00f6glicht, und einem Eisw\u00fcrfelbereiter f\u00fcr immer kalte Getr\u00e4nke. Rollsegel machen die Handhabung des Segelbootes einfach und angenehm, selbst f\u00fcr weniger erfahrene Segler, und sorgen f\u00fcr ein ruhiges und stabiles Segeln. Egal, ob Sie entspannte Tage beim Erkunden versteckter Buchten, das Genie\u00dfen der Sonne auf dem ger\u00e4umigen Deck oder abenteuerliches Segeln auf offener See planen, die Bavaria 46 ist Ihre perfekte Wahl. Ergeben Sie sich der Ruhe und Sch\u00f6nheit der Adria mit diesem hervorragenden Segelboot. BAUJAHR: 2006KABINEN: 4WC\/B\u00c4DER: 2WECHSELRICHTER: 220VEISW\u00dcRFELBEREITER: JaSEGEL: Rollsegel<div class=\"et_pb_module dvppl_cf7_styler dvppl_cf7_styler_0\">\n\t\t\t\t\n\t\t\t\t\n\t\t\t\t\n\t\t\t\t\n\t\t\t\t\n\t\t\t\t\n\t\t\t\t<div class=\"et_pb_module_inner\">\n\t\t\t\t\t<div class=\"dipe-cf7-container dipe-cf7-button-&#8220;center&#8220;\">\n\t\t\t\t\n\t\t\t\t<div class=\"dipe-cf7 dipe-cf7-styler \">\n\t\t\t\t\t<p class=\"wpcf7-contact-form-not-found\"><strong>Fehler:<\/strong> Kontaktformular wurde nicht gefunden.<\/p>\n\t\t\t\t<\/div>\n\t\t\t<\/div>\n\t\t\t\t<\/div>\n\t\t\t<\/div><\/p>\n","protected":false},"author":1,"featured_media":0,"parent":273,"menu_order":0,"comment_status":"closed","ping_status":"closed","template":"","meta":{"_et_pb_use_builder":"on","_et_pb_old_content":"","_et_gb_content_width":"","footnotes":""},"class_list":["post-748","page","type-page","status-publish","hentry"],"_links":{"self":[{"href":"https:\/\/rentaboat-porat.com\/de\/wp-json\/wp\/v2\/pages\/748","targetHints":{"allow":["GET"]}}],"collection":[{"href":"https:\/\/rentaboat-porat.com\/de\/wp-json\/wp\/v2\/pages"}],"about":[{"href":"https:\/\/rentaboat-porat.com\/de\/wp-json\/wp\/v2\/types\/page"}],"author":[{"embeddable":true,"href":"https:\/\/rentaboat-porat.com\/de\/wp-json\/wp\/v2\/users\/1"}],"replies":[{"embeddable":true,"href":"https:\/\/rentaboat-porat.com\/de\/wp-json\/wp\/v2\/comments?post=748"}],"version-history":[{"count":5,"href":"https:\/\/rentaboat-porat.com\/de\/wp-json\/wp\/v2\/pages\/748\/revisions"}],"predecessor-version":[{"id":756,"href":"https:\/\/rentaboat-porat.com\/de\/wp-json\/wp\/v2\/pages\/748\/revisions\/756"}],"up":[{"embeddable":true,"href":"https:\/\/rentaboat-porat.com\/de\/wp-json\/wp\/v2\/pages\/273"}],"wp:attachment":[{"href":"https:\/\/rentaboat-porat.com\/de\/wp-json\/wp\/v2\/media?parent=748"}],"curies":[{"name":"wp","href":"https:\/\/api.w.org\/{rel}","templated":true}]}}