{"id":238,"date":"2025-02-04T18:56:52","date_gmt":"2025-02-04T18:56:52","guid":{"rendered":"https:\/\/rentaboat-porat.com\/kontaktirajte-nas\/"},"modified":"2025-02-13T07:43:41","modified_gmt":"2025-02-13T07:43:41","slug":"kontaktirajte-nas","status":"publish","type":"page","link":"https:\/\/rentaboat-porat.com\/hr\/kontaktirajte-nas\/","title":{"rendered":"Kontaktirajte nas"},"content":{"rendered":"<p>[et_pb_section fb_built=&#8221;1&#8243; fullwidth=&#8221;on&#8221; _builder_version=&#8221;4.27.4&#8243; _module_preset=&#8221;default&#8221; global_colors_info=&#8221;{}&#8221;][et_pb_fullwidth_header title=&#8221;Kontaktirajte nas&#8221; text_orientation=&#8221;center&#8221; _builder_version=&#8221;4.27.4&#8243; _module_preset=&#8221;default&#8221; background_enable_color=&#8221;off&#8221; background_image=&#8221;https:\/\/rentaboat-porat.com\/wp-content\/uploads\/2025\/02\/Olivari-42.webp&#8221; hover_enabled=&#8221;0&#8243; global_colors_info=&#8221;{}&#8221; sticky_enabled=&#8221;0&#8243;][\/et_pb_fullwidth_header][\/et_pb_section][et_pb_section fb_built=&#8221;1&#8243; _builder_version=&#8221;4.27.4&#8243; _module_preset=&#8221;default&#8221; global_colors_info=&#8221;{}&#8221;][et_pb_row _builder_version=&#8221;4.27.4&#8243; _module_preset=&#8221;default&#8221; global_colors_info=&#8221;{}&#8221;][et_pb_column type=&#8221;4_4&#8243; _builder_version=&#8221;4.27.4&#8243; _module_preset=&#8221;default&#8221; global_colors_info=&#8221;{}&#8221;][et_pb_text _builder_version=&#8221;4.27.4&#8243; _module_preset=&#8221;default&#8221; hover_enabled=&#8221;0&#8243; sticky_enabled=&#8221;0&#8243;]<\/p>\n<p style=\"text-align: center;\">Isplovite na nezaboravno putovanje kristalno \u010distim vodama Jadrana i otkrijte skrivene dragulje Porata i Malinske uz na\u0161 izvanredan najam brodova. Bilo da \u017eudite za uzbu\u0111enjem istra\u017eivanja skrivenih uvala, ribolovom u mirnim mjestima ili jednostavno u\u017eivanjem na suncu na palubi, imamo savr\u0161en brod za va\u0161u avanturu. Na\u0161 ljubazni tim spreman je pomo\u0107i vam u planiranju va\u0161eg bijega, osiguravaju\u0107i da svaki trenutak na vodi bude ispunjen rado\u0161\u0107u i opu\u0161tanjem. Ne \u010dekajte vi\u0161e; kontaktirajte nas danas i krenite u svoju sljede\u0107u nezaboravnu nauti\u010dku avanturu.   <\/p>\n<p>[\/et_pb_text][\/et_pb_column][\/et_pb_row][et_pb_row column_structure=&#8221;1_4,1_4,1_4,1_4&#8243; _builder_version=&#8221;4.27.4&#8243; _module_preset=&#8221;default&#8221; global_colors_info=&#8221;{}&#8221;][et_pb_column type=&#8221;1_4&#8243; _builder_version=&#8221;4.27.4&#8243; _module_preset=&#8221;default&#8221; global_colors_info=&#8221;{}&#8221;][et_pb_blurb title=&#8221;Nazovite nas&#8221; use_icon=&#8221;on&#8221; font_icon=&#8221;&#xe090;||divi||400&#8243; icon_color=&#8221;#000000&#8243; _builder_version=&#8221;4.27.4&#8243; _module_preset=&#8221;default&#8221; text_orientation=&#8221;center&#8221; global_colors_info=&#8221;{}&#8221;]<\/p>\n<p><a href=\"tel:00385915331273\"><span>+385 (0) 91 533 1273<\/span><\/a><\/p>\n<p>[\/et_pb_blurb][\/et_pb_column][et_pb_column type=&#8221;1_4&#8243; _builder_version=&#8221;4.27.4&#8243; _module_preset=&#8221;default&#8221; global_colors_info=&#8221;{}&#8221;][et_pb_blurb title=&#8221;E-Mail&#8221; use_icon=&#8221;on&#8221; font_icon=&#8221;&#xf0e0;||fa||900&#8243; icon_color=&#8221;#000000&#8243; _builder_version=&#8221;4.27.4&#8243; _module_preset=&#8221;default&#8221; text_orientation=&#8221;center&#8221; global_colors_info=&#8221;{}&#8221;]<\/p>\n<p><a href=\"mailto:porat.rentaboat@gmail.com\">porat.rentaboat@gmail.com<\/a><\/p>\n<p>[\/et_pb_blurb][\/et_pb_column][et_pb_column type=&#8221;1_4&#8243; _builder_version=&#8221;4.27.4&#8243; _module_preset=&#8221;default&#8221; global_colors_info=&#8221;{}&#8221;][et_pb_blurb title=&#8221;Instagram&#8221; use_icon=&#8221;on&#8221; font_icon=&#8221;&#xe09a;||divi||400&#8243; icon_color=&#8221;#000000&#8243; _builder_version=&#8221;4.27.4&#8243; _module_preset=&#8221;default&#8221; text_orientation=&#8221;center&#8221; global_colors_info=&#8221;{}&#8221;]<\/p>\n<p><a href=\"https:\/\/www.instagram.com\/rentaboat_porat\/\" target=\"_blank\" rel=\"noopener\"><span>@rentaboat_porat<\/span><\/a><\/p>\n<p>[\/et_pb_blurb][\/et_pb_column][et_pb_column type=&#8221;1_4&#8243; _builder_version=&#8221;4.27.4&#8243; _module_preset=&#8221;default&#8221; global_colors_info=&#8221;{}&#8221;][et_pb_blurb title=&#8221;Location&#8221; use_icon=&#8221;on&#8221; font_icon=&#8221;&#xe083;||divi||400&#8243; icon_color=&#8221;#000000&#8243; _builder_version=&#8221;4.27.4&#8243; _module_preset=&#8221;default&#8221; text_orientation=&#8221;center&#8221; global_colors_info=&#8221;{}&#8221;]Porat 51511, Malinska, Otok Krk[\/et_pb_blurb][\/et_pb_column][\/et_pb_row][\/et_pb_section][et_pb_section fb_built=&#8221;1&#8243; fullwidth=&#8221;on&#8221; _builder_version=&#8221;4.27.4&#8243; _module_preset=&#8221;default&#8221; global_colors_info=&#8221;{}&#8221;][et_pb_fullwidth_map address=&#8221;51511, Malinska, Hrvatska&#8221; zoom_level=&#8221;16&#8243; address_lat=&#8221;45.1250642&#8243; address_lng=&#8221;14.5288239&#8243; _builder_version=&#8221;4.27.4&#8243; _module_preset=&#8221;default&#8221; global_colors_info=&#8221;{}&#8221;][et_pb_map_pin pin_address=&#8221;Obala 22, 51511, Malinska, Hrvatska&#8221; zoom_level=&#8221;20&#8243; pin_address_lat=&#8221;45.124303424485&#8243; pin_address_lng=&#8221;14.525990146176&#8243; _builder_version=&#8221;4.27.4&#8243; _module_preset=&#8221;default&#8221; global_colors_info=&#8221;{}&#8221;][\/et_pb_map_pin][\/et_pb_fullwidth_map][\/et_pb_section]<\/p>\n","protected":false},"excerpt":{"rendered":"<p>Isplovite na nezaboravno putovanje kristalno \u010distim vodama Jadrana i otkrijte skrivene dragulje Porata i Malinske uz na\u0161 izvanredan najam brodova. Bilo da \u017eudite za uzbu\u0111enjem istra\u017eivanja skrivenih uvala, ribolovom u mirnim mjestima ili jednostavno u\u017eivanjem na suncu na palubi, imamo savr\u0161en brod za va\u0161u avanturu. Na\u0161 ljubazni tim spreman je pomo\u0107i vam u planiranju va\u0161eg bijega, osiguravaju\u0107i da svaki trenutak na vodi bude ispunjen rado\u0161\u0107u i opu\u0161tanjem. Ne \u010dekajte vi\u0161e; kontaktirajte nas danas i krenite u svoju sljede\u0107u nezaboravnu nauti\u010dku avanturu. +385 (0) 91 533 1273porat.rentaboat@gmail.com@rentaboat_poratPorat 51511, Malinska, Otok Krk<\/p>\n","protected":false},"author":1,"featured_media":0,"parent":0,"menu_order":0,"comment_status":"closed","ping_status":"closed","template":"","meta":{"_et_pb_use_builder":"on","_et_pb_old_content":"","_et_gb_content_width":"","footnotes":""},"class_list":["post-238","page","type-page","status-publish","hentry"],"_links":{"self":[{"href":"https:\/\/rentaboat-porat.com\/hr\/wp-json\/wp\/v2\/pages\/238","targetHints":{"allow":["GET"]}}],"collection":[{"href":"https:\/\/rentaboat-porat.com\/hr\/wp-json\/wp\/v2\/pages"}],"about":[{"href":"https:\/\/rentaboat-porat.com\/hr\/wp-json\/wp\/v2\/types\/page"}],"author":[{"embeddable":true,"href":"https:\/\/rentaboat-porat.com\/hr\/wp-json\/wp\/v2\/users\/1"}],"replies":[{"embeddable":true,"href":"https:\/\/rentaboat-porat.com\/hr\/wp-json\/wp\/v2\/comments?post=238"}],"version-history":[{"count":13,"href":"https:\/\/rentaboat-porat.com\/hr\/wp-json\/wp\/v2\/pages\/238\/revisions"}],"predecessor-version":[{"id":555,"href":"https:\/\/rentaboat-porat.com\/hr\/wp-json\/wp\/v2\/pages\/238\/revisions\/555"}],"wp:attachment":[{"href":"https:\/\/rentaboat-porat.com\/hr\/wp-json\/wp\/v2\/media?parent=238"}],"curies":[{"name":"wp","href":"https:\/\/api.w.org\/{rel}","templated":true}]}}