{"id":290,"date":"2025-02-04T18:55:34","date_gmt":"2025-02-04T18:55:34","guid":{"rendered":"https:\/\/rentaboat-porat.com\/brodovi\/marinello-19-fisherman\/"},"modified":"2025-02-13T07:31:18","modified_gmt":"2025-02-13T07:31:18","slug":"marinello-19-fisherman","status":"publish","type":"page","link":"https:\/\/rentaboat-porat.com\/hr\/brodovi\/marinello-19-fisherman\/","title":{"rendered":"Marinello 19 Fisherman"},"content":{"rendered":"<p>[et_pb_section fb_built=&#8221;1&#8243; fullwidth=&#8221;on&#8221; _builder_version=&#8221;4.27.4&#8243; _module_preset=&#8221;default&#8221; global_colors_info=&#8221;{}&#8221;][et_pb_fullwidth_header title=&#8221;Marinello 19 Fisherman&#8221; text_orientation=&#8221;center&#8221; header_fullscreen=&#8221;on&#8221; header_scroll_down=&#8221;on&#8221; button_one_text=&#8221;Rezerviraj sada&#8221; button_one_url=&#8221;#book-form&#8221; _builder_version=&#8221;4.27.4&#8243; _module_preset=&#8221;default&#8221; background_enable_color=&#8221;off&#8221; background_image=&#8221;https:\/\/rentaboat-porat.com\/wp-content\/uploads\/2025\/02\/marinello-19-1.webp&#8221; parallax=&#8221;on&#8221; global_colors_info=&#8221;{}&#8221;][\/et_pb_fullwidth_header][\/et_pb_section][et_pb_section fb_built=&#8221;1&#8243; _builder_version=&#8221;4.27.4&#8243; _module_preset=&#8221;default&#8221; global_colors_info=&#8221;{}&#8221;][et_pb_row column_structure=&#8221;3_5,2_5&#8243; _builder_version=&#8221;4.27.4&#8243; _module_preset=&#8221;default&#8221; global_colors_info=&#8221;{}&#8221;][et_pb_column type=&#8221;3_5&#8243; _builder_version=&#8221;4.27.4&#8243; _module_preset=&#8221;default&#8221; global_colors_info=&#8221;{}&#8221;][et_pb_heading title=&#8221;Iznajmi Marinello 19 Fisherman&#8221; _builder_version=&#8221;4.27.4&#8243; _module_preset=&#8221;default&#8221; title_level=&#8221;h2&#8243; title_font=&#8221;|||on|||||&#8221; global_colors_info=&#8221;{}&#8221;][\/et_pb_heading][et_pb_text _builder_version=&#8221;4.27.4&#8243; _module_preset=&#8221;default&#8221; global_colors_info=&#8221;{}&#8221;]Marinello 19 Fisherman ima vrhunske karakteristike na valovitom moru. Zbog o\u0161trine kobilice plovidba je vrlo ugodna. Osje\u0107aj sigurnosti na brodu je izniman jer ima dubok kokpit u kojem se osje\u0107ate sigurno. Brod je izra\u0111en od visokokvalitetnih materijala proizvedenih u Italiji. Kad pomislite na Marinello, pomislite na kvalitetu, talijanski dizajn, personalizaciju i sigurnost plovidbe.[\/et_pb_text][\/et_pb_column][et_pb_column type=&#8221;2_5&#8243; _builder_version=&#8221;4.27.4&#8243; _module_preset=&#8221;default&#8221; custom_padding=&#8221;16px|16px|16px|16px|false|false&#8221; border_width_all=&#8221;2px&#8221; border_color_all=&#8221;#0C71C3&#8243; global_colors_info=&#8221;{}&#8221;][et_pb_heading title=&#8221;Specifikacije&#8221; _builder_version=&#8221;4.27.4&#8243; _module_preset=&#8221;default&#8221; title_level=&#8221;h2&#8243; title_font=&#8221;|||on|||||&#8221; title_text_align=&#8221;center&#8221; global_colors_info=&#8221;{}&#8221;][\/et_pb_heading][et_pb_divider color=&#8221;#0C71C3&#8243; divider_style=&#8221;dashed&#8221; _builder_version=&#8221;4.27.4&#8243; _module_preset=&#8221;default&#8221; global_colors_info=&#8221;{}&#8221;][\/et_pb_divider][et_pb_text _builder_version=&#8221;4.27.4&#8243; _module_preset=&#8221;default&#8221; global_colors_info=&#8221;{}&#8221;]<\/p>\n<p>DU\u017dINA: <strong>5,80 m<\/strong><br \/>\u0160IRINA: <strong>2,35 m<\/strong><br \/>MOTOR: <strong>115HP YAMAHA<\/strong><br \/>KAPACITET OSOBA:<strong> 7<\/strong><br \/>SPREMNIK GORIVA: <strong>100l<\/strong><br \/>TE\u017dINA BRODA BEZ MOTORA: <strong>650kg<\/strong><\/p>\n<p>[\/et_pb_text][\/et_pb_column][\/et_pb_row][\/et_pb_section][et_pb_section fb_built=&#8221;1&#8243; _builder_version=&#8221;4.27.4&#8243; _module_preset=&#8221;default&#8221; global_colors_info=&#8221;{}&#8221;][et_pb_row _builder_version=&#8221;4.27.4&#8243; _module_preset=&#8221;default&#8221; global_colors_info=&#8221;{}&#8221;][et_pb_column type=&#8221;4_4&#8243; _builder_version=&#8221;4.27.4&#8243; _module_preset=&#8221;default&#8221; global_colors_info=&#8221;{}&#8221;][et_pb_heading title=&#8221;Galerija broda&#8221; _builder_version=&#8221;4.27.4&#8243; _module_preset=&#8221;default&#8221; title_level=&#8221;h2&#8243; title_font=&#8221;|||on|||||&#8221; global_colors_info=&#8221;{}&#8221;][\/et_pb_heading][et_pb_gallery gallery_ids=&#8221;33,83,84,85&#8243; gallery_orderby=&#8221;rand&#8221; fullwidth=&#8221;on&#8221; _builder_version=&#8221;4.27.4&#8243; _module_preset=&#8221;default&#8221; global_colors_info=&#8221;{}&#8221;][\/et_pb_gallery][\/et_pb_column][\/et_pb_row][\/et_pb_section][et_pb_section fb_built=&#8221;1&#8243; _builder_version=&#8221;4.27.4&#8243; _module_preset=&#8221;default&#8221; global_colors_info=&#8221;{}&#8221;][et_pb_row _builder_version=&#8221;4.27.4&#8243; _module_preset=&#8221;default&#8221; locked=&#8221;off&#8221; global_colors_info=&#8221;{}&#8221;][et_pb_column type=&#8221;4_4&#8243; _builder_version=&#8221;4.27.4&#8243; _module_preset=&#8221;default&#8221; global_colors_info=&#8221;{}&#8221;][dvppl_cf7_styler button_alignment=&#8221;center&#8221; cf7=&#8221;128&#8243; form_background_color=&#8221;#FFFFFF&#8221; form_field_active_color=&#8221;#FFFFFF&#8221; module_id=&#8221;book-form&#8221; _builder_version=&#8221;4.27.4&#8243; _module_preset=&#8221;default&#8221; custom_submit_button=&#8221;on&#8221; submit_button_text_color=&#8221;#000000&#8243; custom_padding=&#8221;10px|20px|10px|20px|true|true&#8221; custom_css_free_form=&#8221;selector .flex{||  width: 100%;||  display: flex;||  justify-content: space-between;||  gap: 10px;||}||||selector .flex label{||  width: 100%;||}||||selector .flex input{||  margin-bottom: 0px;||}||||selector input, selector select{||  margin-bottom: 20px;||  border: 0;||  border-bottom: 1px;||  border-bottom-color: #666;||  transition: border-bottom-color 0.5s;||}||||selector input:focus, selector select:focus{||  border-bottom-color: #0c71c3 !important;||}||||selector textarea{||  margin-bottom: 20px;||  border: 1px;||  border-color: #666;||  transition: border-color 0.5s;||}||||selector textarea:focus{||  border-color: #0c71c3 !important;||}||||selector .form_h3{||  font-size:26px;||  text-align: center;||  margin-bottom:20px;||}||||selector .line{||  height:10px;||}||||selector .line::before{||  content: %22%22;||  width: 100%;||  height: 1px;||  border-top: 1px solid rgba(0, 0, 0, .1);||  position: absolute;||  z-index: 10;||  border-top-color: #0C71C3;||  border-top-style: dashed;||}||    ||||selector button{||  color:#666;||  border-color:#666;||  transition: color 0.2s, background-color 0.2s;||}||||selector button:hover{||  color:#fff;||  background-color: #0c71c3||}||||@media only screen and (max-width: 600px) {||\tselector .flex{||    flex-direction:column;||\t}||  selector .flex label:first-child{||    margin-bottom: 20px;||  }||}||||@media only screen and (max-width: 1250px) and (min-width: 981px) {||\tselector .flex{||    flex-direction:column;||\t}||  selector .flex label:first-child{||    margin-bottom: 20px;||  }||}&#8221; border_width_all=&#8221;2px&#8221; border_color_all=&#8221;#0C71C3&#8243; global_module=&#8221;182&#8243; saved_tabs=&#8221;all&#8221; locked=&#8221;off&#8221; global_colors_info=&#8221;{}&#8221; placeholder_font_size__hover_enabled=&#8221;off|desktop&#8221; border_color_all_field__hover_enabled=&#8221;off|desktop&#8221;][\/dvppl_cf7_styler][et_pb_text _builder_version=&#8221;4.27.4&#8243; _module_preset=&#8221;default&#8221; global_colors_info=&#8221;{}&#8221;]Cijena uklju\u010duje: \u2022 Osiguranje \u2022 Najam broda \u2022 Sigurnosnu opremu \u2022 \u010ci\u0161\u0107enje \u2022 PDV<\/p>\n<p>Dodatne pogodnosti: \u2022 Dugoro\u010dni najam se dogovara zasebno i uklju\u010duje najam du\u017ei od 3 dana.[\/et_pb_text][\/et_pb_column][\/et_pb_row][\/et_pb_section]<\/p>\n","protected":false},"excerpt":{"rendered":"<p>Marinello 19 Fisherman ima vrhunske karakteristike na valovitom moru. Zbog o\u0161trine kobilice plovidba je vrlo ugodna. Osje\u0107aj sigurnosti na brodu je izniman jer ima dubok kokpit u kojem se osje\u0107ate sigurno. Brod je izra\u0111en od visokokvalitetnih materijala proizvedenih u Italiji. Kad pomislite na Marinello, pomislite na kvalitetu, talijanski dizajn, personalizaciju i sigurnost plovidbe.DU\u017dINA: 5,80 m\u0160IRINA: 2,35 mMOTOR: 115HP YAMAHAKAPACITET OSOBA: 7SPREMNIK GORIVA: 100lTE\u017dINA BRODA BEZ MOTORA: 650kg<div id=\"&#8221;book-form&#8221;\" class=\"et_pb_module dvppl_cf7_styler dvppl_cf7_styler_0\">\n\t\t\t\t\n\t\t\t\t\n\t\t\t\t\n\t\t\t\t\n\t\t\t\t\n\t\t\t\t\n\t\t\t\t<div class=\"et_pb_module_inner\">\n\t\t\t\t\t<div class=\"dipe-cf7-container dipe-cf7-button-&#8221;center&#8221;\">\n\t\t\t\t\n\t\t\t\t<div class=\"dipe-cf7 dipe-cf7-styler \">\n\t\t\t\t\t<p class=\"wpcf7-contact-form-not-found\"><strong>Gre\u0161ka:<\/strong> Kontakt obrazac nije prona\u0111en.<\/p>\n\t\t\t\t<\/div>\n\t\t\t<\/div>\n\t\t\t\t<\/div>\n\t\t\t<\/div><\/p>\n","protected":false},"author":1,"featured_media":0,"parent":255,"menu_order":0,"comment_status":"closed","ping_status":"closed","template":"","meta":{"_et_pb_use_builder":"on","_et_pb_old_content":"","_et_gb_content_width":"","footnotes":""},"class_list":["post-290","page","type-page","status-publish","hentry"],"_links":{"self":[{"href":"https:\/\/rentaboat-porat.com\/hr\/wp-json\/wp\/v2\/pages\/290","targetHints":{"allow":["GET"]}}],"collection":[{"href":"https:\/\/rentaboat-porat.com\/hr\/wp-json\/wp\/v2\/pages"}],"about":[{"href":"https:\/\/rentaboat-porat.com\/hr\/wp-json\/wp\/v2\/types\/page"}],"author":[{"embeddable":true,"href":"https:\/\/rentaboat-porat.com\/hr\/wp-json\/wp\/v2\/users\/1"}],"replies":[{"embeddable":true,"href":"https:\/\/rentaboat-porat.com\/hr\/wp-json\/wp\/v2\/comments?post=290"}],"version-history":[{"count":6,"href":"https:\/\/rentaboat-porat.com\/hr\/wp-json\/wp\/v2\/pages\/290\/revisions"}],"predecessor-version":[{"id":516,"href":"https:\/\/rentaboat-porat.com\/hr\/wp-json\/wp\/v2\/pages\/290\/revisions\/516"}],"up":[{"embeddable":true,"href":"https:\/\/rentaboat-porat.com\/hr\/wp-json\/wp\/v2\/pages\/255"}],"wp:attachment":[{"href":"https:\/\/rentaboat-porat.com\/hr\/wp-json\/wp\/v2\/media?parent=290"}],"curies":[{"name":"wp","href":"https:\/\/api.w.org\/{rel}","templated":true}]}}