{"id":745,"date":"2025-05-21T06:52:09","date_gmt":"2025-05-21T06:52:09","guid":{"rendered":"https:\/\/rentaboat-porat.com\/brodovi\/she-bavaria-46\/"},"modified":"2025-06-02T20:08:48","modified_gmt":"2025-06-02T20:08:48","slug":"she-bavaria-46","status":"publish","type":"page","link":"https:\/\/rentaboat-porat.com\/hr\/brodovi\/she-bavaria-46\/","title":{"rendered":"SHE (Bavaria 46)"},"content":{"rendered":"<p>[et_pb_section fb_built=&#8221;1&#8243; fullwidth=&#8221;on&#8221; _builder_version=&#8221;4.27.4&#8243; _module_preset=&#8221;default&#8221; global_colors_info=&#8221;{}&#8221;][et_pb_fullwidth_header title=&#8221;SHE (Bavaria 46)&#8221; text_orientation=&#8221;center&#8221; header_fullscreen=&#8221;on&#8221; header_scroll_down=&#8221;on&#8221; button_one_text=&#8221;Rezerviraj sada&#8221; button_one_url=&#8221;#book-form&#8221; _builder_version=&#8221;4.27.4&#8243; _module_preset=&#8221;default&#8221; background_enable_color=&#8221;off&#8221; background_image=&#8221;https:\/\/rentaboat-porat.com\/wp-content\/uploads\/2025\/05\/she-cover.webp&#8221; background_position=&#8221;bottom_center&#8221; global_colors_info=&#8221;{}&#8221;][\/et_pb_fullwidth_header][\/et_pb_section][et_pb_section fb_built=&#8221;1&#8243; _builder_version=&#8221;4.27.4&#8243; _module_preset=&#8221;default&#8221; global_colors_info=&#8221;{}&#8221;][et_pb_row column_structure=&#8221;3_5,2_5&#8243; _builder_version=&#8221;4.27.4&#8243; _module_preset=&#8221;default&#8221; global_colors_info=&#8221;{}&#8221;][et_pb_column type=&#8221;3_5&#8243; _builder_version=&#8221;4.27.4&#8243; _module_preset=&#8221;default&#8221; global_colors_info=&#8221;{}&#8221;][et_pb_heading title=&#8221;Najam jedrilice SHE (Bavaria 46)&#8221; _builder_version=&#8221;4.27.4&#8243; _module_preset=&#8221;default&#8221; title_level=&#8221;h2&#8243; title_font=&#8221;|||on|||||&#8221; global_colors_info=&#8221;{}&#8221;][\/et_pb_heading][et_pb_text _builder_version=&#8221;4.27.4&#8243; _module_preset=&#8221;default&#8221; hover_enabled=&#8221;0&#8243; global_colors_info=&#8221;{}&#8221; sticky_enabled=&#8221;0&#8243;]<\/p>\n<p>Uronite u svijet jedrenja s <strong>Bavariom 46<\/strong>, jedrilicom koja savr\u0161eno kombinira udobnost, prostranost i performanse. Proizvedena <strong>2006<\/strong>. godine, ova jedrilica je idealna za obiteljska krstarenja ili putovanja s prijateljima, nude\u0107i sve potrebno za nezaboravno iskustvo na moru. <\/p>\n<p>S <strong>\u010detiri prostrane kabine<\/strong>, Bavaria 46 pru\u017ea dovoljno privatnosti i udobnosti za do osam osoba. <strong>Dva elegantno opremljena wc-a<\/strong> osiguravaju prakti\u010dnost i funkcionalnost tijekom cijelog boravka. Unutra\u0161njost broda dizajnirana je s naglaskom na udobnost i opu\u0161tanje, s prostranim prostorom savr\u0161enim za dru\u017eenje i objedovanje. Za va\u0161u potpunu udobnost, brod je opremljen <strong>220V inverterom<\/strong>, omogu\u0107avaju\u0107i vam punjenje svih elektroni\u010dkih ure\u0111aja, te <strong>ledomatom <\/strong> za uvijek hladna pi\u0107a. <strong>Roll jedra<\/strong> \u010dine upravljanje jedrilicom jednostavnim i ugodnim, \u010dak i za manje iskusne jedrili\u010dare, pru\u017eaju\u0107i glatko i stabilno jedrenje. <\/p>\n<p>Bez obzira planirate li opu\u0161taju\u0107e dane istra\u017euju\u0107i skrivene uvale, u\u017eivaju\u0107i u suncu na prostranoj palubi ili avanturisti\u010dko jedrenje na otvorenom moru, Bavaria 46 je va\u0161 savr\u0161en izbor. Prepustite se miru i ljepoti Jadrana s ovom izvanrednom jedrilicom. <\/p>\n<p>[\/et_pb_text][\/et_pb_column][et_pb_column type=&#8221;2_5&#8243; _builder_version=&#8221;4.27.4&#8243; _module_preset=&#8221;default&#8221; custom_padding=&#8221;16px|16px|16px|16px|false|false&#8221; border_width_all=&#8221;2px&#8221; border_color_all=&#8221;#0C71C3&#8243; global_colors_info=&#8221;{}&#8221;][et_pb_heading title=&#8221;Specifikacije&#8221; _builder_version=&#8221;4.27.4&#8243; _module_preset=&#8221;default&#8221; title_level=&#8221;h2&#8243; title_font=&#8221;|||on|||||&#8221; title_text_align=&#8221;center&#8221; global_colors_info=&#8221;{}&#8221;][\/et_pb_heading][et_pb_divider color=&#8221;#0C71C3&#8243; divider_style=&#8221;dashed&#8221; _builder_version=&#8221;4.27.4&#8243; _module_preset=&#8221;default&#8221; global_colors_info=&#8221;{}&#8221;][\/et_pb_divider][et_pb_text _builder_version=&#8221;4.27.4&#8243; _module_preset=&#8221;default&#8221; global_colors_info=&#8221;{}&#8221;]<\/p>\n<p>GODINA PROIZVODNJE: <strong>2006<\/strong><br \/>KABINE: <strong>4<\/strong><br \/>TOALETI: <strong>2<\/strong><br \/>INVERTER:<strong> 220V<\/strong><br \/>LEDOMAT: <strong>Da<br \/><\/strong>JEDRA: <strong>Roll jedra<\/strong><\/p>\n<p>[\/et_pb_text][\/et_pb_column][\/et_pb_row][\/et_pb_section][et_pb_section fb_built=&#8221;1&#8243; _builder_version=&#8221;4.27.4&#8243; _module_preset=&#8221;default&#8221; global_colors_info=&#8221;{}&#8221;][et_pb_row _builder_version=&#8221;4.27.4&#8243; _module_preset=&#8221;default&#8221; global_colors_info=&#8221;{}&#8221;][et_pb_column type=&#8221;4_4&#8243; _builder_version=&#8221;4.27.4&#8243; _module_preset=&#8221;default&#8221; global_colors_info=&#8221;{}&#8221;][et_pb_heading title=&#8221;Galerija broda&#8221; _builder_version=&#8221;4.27.4&#8243; _module_preset=&#8221;default&#8221; title_level=&#8221;h2&#8243; title_font=&#8221;|||on|||||&#8221; global_colors_info=&#8221;{}&#8221;][\/et_pb_heading][et_pb_gallery gallery_ids=&#8221;733,725,729,697,701,705,709,713,717,721&#8243; fullwidth=&#8221;on&#8221; _builder_version=&#8221;4.27.4&#8243; _module_preset=&#8221;default&#8221; global_colors_info=&#8221;{}&#8221;][\/et_pb_gallery][\/et_pb_column][\/et_pb_row][\/et_pb_section][et_pb_section fb_built=&#8221;1&#8243; _builder_version=&#8221;4.27.4&#8243; _module_preset=&#8221;default&#8221; global_colors_info=&#8221;{}&#8221;][et_pb_row _builder_version=&#8221;4.27.4&#8243; _module_preset=&#8221;default&#8221; locked=&#8221;off&#8221; global_colors_info=&#8221;{}&#8221;][et_pb_column type=&#8221;4_4&#8243; _builder_version=&#8221;4.27.4&#8243; _module_preset=&#8221;default&#8221; global_colors_info=&#8221;{}&#8221;][dvppl_cf7_styler button_alignment=&#8221;center&#8221; cf7=&#8221;128&#8243; form_background_color=&#8221;#FFFFFF&#8221; form_field_active_color=&#8221;#FFFFFF&#8221; module_id=&#8221;book-form&#8221; _builder_version=&#8221;4.27.4&#8243; _module_preset=&#8221;default&#8221; custom_submit_button=&#8221;on&#8221; submit_button_text_color=&#8221;#000000&#8243; custom_padding=&#8221;10px|20px|10px|20px|true|true&#8221; custom_css_free_form=&#8221;selector .flex{||  width: 100%;||  display: flex;||  justify-content: space-between;||  gap: 10px;||}||||selector .flex label{||  width: 100%;||}||||selector .flex input{||  margin-bottom: 0px;||}||||selector input, selector select{||  margin-bottom: 20px;||  border: 0;||  border-bottom: 1px;||  border-bottom-color: #666;||  transition: border-bottom-color 0.5s;||}||||selector input:focus, selector select:focus{||  border-bottom-color: #0c71c3 !important;||}||||selector textarea{||  margin-bottom: 20px;||  border: 1px;||  border-color: #666;||  transition: border-color 0.5s;||}||||selector textarea:focus{||  border-color: #0c71c3 !important;||}||||selector .form_h3{||  font-size:26px;||  text-align: center;||  margin-bottom:20px;||}||||selector .line{||  height:10px;||}||||selector .line::before{||  content: %22%22;||  width: 100%;||  height: 1px;||  border-top: 1px solid rgba(0, 0, 0, .1);||  position: absolute;||  z-index: 10;||  border-top-color: #0C71C3;||  border-top-style: dashed;||}||    ||||selector button{||  color:#666;||  border-color:#666;||  transition: color 0.2s, background-color 0.2s;||}||||selector button:hover{||  color:#fff;||  background-color: #0c71c3||}||||@media only screen and (max-width: 600px) {||\tselector .flex{||    flex-direction:column;||\t}||  selector .flex label:first-child{||    margin-bottom: 20px;||  }||}||||@media only screen and (max-width: 1250px) and (min-width: 981px) {||\tselector .flex{||    flex-direction:column;||\t}||  selector .flex label:first-child{||    margin-bottom: 20px;||  }||}&#8221; border_width_all=&#8221;2px&#8221; border_color_all=&#8221;#0C71C3&#8243; global_module=&#8221;182&#8243; saved_tabs=&#8221;all&#8221; locked=&#8221;off&#8221; global_colors_info=&#8221;{}&#8221; placeholder_font_size__hover_enabled=&#8221;off|desktop&#8221; border_color_all_field__hover_enabled=&#8221;off|desktop&#8221;][\/dvppl_cf7_styler][et_pb_text _builder_version=&#8221;4.27.4&#8243; _module_preset=&#8221;default&#8221; global_colors_info=&#8221;{}&#8221;]Cijena uklju\u010duje: \u2022 Osiguranje \u2022 Najam broda \u2022 Sigurnosnu opremu \u2022 \u010ci\u0161\u0107enje \u2022 PDV<\/p>\n<p>Dodatne pogodnosti: \u2022 Dugoro\u010dni najam se dogovara zasebno i uklju\u010duje najam du\u017ei od 3 dana.[\/et_pb_text][\/et_pb_column][\/et_pb_row][\/et_pb_section]<\/p>\n","protected":false},"excerpt":{"rendered":"<p>Uronite u svijet jedrenja s Bavariom 46, jedrilicom koja savr\u0161eno kombinira udobnost, prostranost i performanse. Proizvedena 2006. godine, ova jedrilica je idealna za obiteljska krstarenja ili putovanja s prijateljima, nude\u0107i sve potrebno za nezaboravno iskustvo na moru. S \u010detiri prostrane kabine, Bavaria 46 pru\u017ea dovoljno privatnosti i udobnosti za do osam osoba. Dva elegantno opremljena wc-a osiguravaju prakti\u010dnost i funkcionalnost tijekom cijelog boravka. Unutra\u0161njost broda dizajnirana je s naglaskom na udobnost i opu\u0161tanje, s prostranim prostorom savr\u0161enim za dru\u017eenje i objedovanje. Za va\u0161u potpunu udobnost, brod je opremljen 220V inverterom, omogu\u0107avaju\u0107i vam punjenje svih elektroni\u010dkih ure\u0111aja, te ledomatom za uvijek hladna pi\u0107a. Roll jedra \u010dine upravljanje jedrilicom jednostavnim i ugodnim, \u010dak i za manje iskusne jedrili\u010dare, pru\u017eaju\u0107i glatko i stabilno jedrenje. Bez obzira planirate li opu\u0161taju\u0107e dane istra\u017euju\u0107i skrivene uvale, u\u017eivaju\u0107i u suncu na prostranoj palubi ili avanturisti\u010dko jedrenje na otvorenom moru, Bavaria 46 je va\u0161 savr\u0161en izbor. Prepustite se miru i ljepoti Jadrana s ovom izvanrednom jedrilicom. GODINA PROIZVODNJE: 2006KABINE: 4TOALETI: 2INVERTER: 220VLEDOMAT: DaJEDRA: Roll jedra<div id=\"&#8221;book-form&#8221;\" class=\"et_pb_module dvppl_cf7_styler dvppl_cf7_styler_0\">\n\t\t\t\t\n\t\t\t\t\n\t\t\t\t\n\t\t\t\t\n\t\t\t\t\n\t\t\t\t\n\t\t\t\t<div class=\"et_pb_module_inner\">\n\t\t\t\t\t<div class=\"dipe-cf7-container dipe-cf7-button-&#8221;center&#8221;\">\n\t\t\t\t\n\t\t\t\t<div class=\"dipe-cf7 dipe-cf7-styler \">\n\t\t\t\t\t<p class=\"wpcf7-contact-form-not-found\"><strong>Gre\u0161ka:<\/strong> Kontakt obrazac nije prona\u0111en.<\/p>\n\t\t\t\t<\/div>\n\t\t\t<\/div>\n\t\t\t\t<\/div>\n\t\t\t<\/div><\/p>\n","protected":false},"author":1,"featured_media":0,"parent":255,"menu_order":0,"comment_status":"closed","ping_status":"closed","template":"","meta":{"_et_pb_use_builder":"on","_et_pb_old_content":"","_et_gb_content_width":"","footnotes":""},"class_list":["post-745","page","type-page","status-publish","hentry"],"_links":{"self":[{"href":"https:\/\/rentaboat-porat.com\/hr\/wp-json\/wp\/v2\/pages\/745","targetHints":{"allow":["GET"]}}],"collection":[{"href":"https:\/\/rentaboat-porat.com\/hr\/wp-json\/wp\/v2\/pages"}],"about":[{"href":"https:\/\/rentaboat-porat.com\/hr\/wp-json\/wp\/v2\/types\/page"}],"author":[{"embeddable":true,"href":"https:\/\/rentaboat-porat.com\/hr\/wp-json\/wp\/v2\/users\/1"}],"replies":[{"embeddable":true,"href":"https:\/\/rentaboat-porat.com\/hr\/wp-json\/wp\/v2\/comments?post=745"}],"version-history":[{"count":5,"href":"https:\/\/rentaboat-porat.com\/hr\/wp-json\/wp\/v2\/pages\/745\/revisions"}],"predecessor-version":[{"id":759,"href":"https:\/\/rentaboat-porat.com\/hr\/wp-json\/wp\/v2\/pages\/745\/revisions\/759"}],"up":[{"embeddable":true,"href":"https:\/\/rentaboat-porat.com\/hr\/wp-json\/wp\/v2\/pages\/255"}],"wp:attachment":[{"href":"https:\/\/rentaboat-porat.com\/hr\/wp-json\/wp\/v2\/media?parent=745"}],"curies":[{"name":"wp","href":"https:\/\/api.w.org\/{rel}","templated":true}]}}