{"id":789,"date":"2025-07-03T16:35:37","date_gmt":"2025-07-03T16:35:37","guid":{"rendered":"https:\/\/rentaboat-porat.com\/jedrilice\/"},"modified":"2025-07-05T15:54:19","modified_gmt":"2025-07-05T15:54:19","slug":"jedrilice","status":"publish","type":"page","link":"https:\/\/rentaboat-porat.com\/hr\/jedrilice\/","title":{"rendered":"Jedrilice"},"content":{"rendered":"<p>[et_pb_section fb_built=&#8221;1&#8243; fullwidth=&#8221;on&#8221; _builder_version=&#8221;4.27.4&#8243; _module_preset=&#8221;default&#8221; global_colors_info=&#8221;{}&#8221;][et_pb_fullwidth_header title=&#8221;Na\u0161e jedrilice&#8221; text_orientation=&#8221;center&#8221; _builder_version=&#8221;4.27.4&#8243; _module_preset=&#8221;default&#8221; background_image=&#8221;https:\/\/rentaboat-porat.com\/wp-content\/uploads\/2025\/05\/she-10.webp&#8221; hover_enabled=&#8221;0&#8243; global_colors_info=&#8221;{}&#8221; sticky_enabled=&#8221;0&#8243; title_text=&#8221;she (10)&#8221; background_color=&#8221;rgba(0,0,0,0.2)&#8221; background_blend=&#8221;multiply&#8221;]<\/p>\n<p>Krenite u avanturu du\u017e prekrasne jadranske obale, gdje vas \u010deka na\u0161a raznolika flota plovila kako bi unaprijedila va\u0161e istra\u017eivanje. Svaki je brod pa\u017eljivo opremljen kako bi osigurao va\u0161u udobnost i u\u017eivanje, omogu\u0107uju\u0107i vam da se lako prepustite zadivljuju\u0107im krajolicima, \u017eivahnom morskom \u017eivotu i skrivenim uvalama koje krase obalu. Bilo da tra\u017eite dan mira na vodi ili uzbudljivo putovanje s obitelji i prijateljima, na\u0161e fleksibilne opcije najma udovoljavaju svakoj \u017eelji. Otkrijte \u010daroliju hrvatskog mora s nama i stvorite nezaboravne uspomene koje \u0107e trajati cijeli \u017eivot.   <\/p>\n<p>[\/et_pb_fullwidth_header][\/et_pb_section][et_pb_section fb_built=&#8221;1&#8243; _builder_version=&#8221;4.27.4&#8243; _module_preset=&#8221;default&#8221; global_colors_info=&#8221;{}&#8221;][et_pb_row column_structure=&#8221;1_2,1_2&#8243; use_custom_gutter=&#8221;on&#8221; gutter_width=&#8221;2&#8243; _builder_version=&#8221;4.27.4&#8243; _module_preset=&#8221;default&#8221; custom_margin=&#8221;0px||0px||false|false&#8221; custom_padding=&#8221;6px||6px||false|false&#8221; saved_tabs=&#8221;all&#8221; global_colors_info=&#8221;{}&#8221;][et_pb_column type=&#8221;1_2&#8243; _builder_version=&#8221;4.27.4&#8243; _module_preset=&#8221;default&#8221; global_colors_info=&#8221;{}&#8221;][dsm_flipbox flipbox_height=&#8221;280px&#8221; _builder_version=&#8221;4.27.4&#8243; _dynamic_attributes=&#8221;link_option_url&#8221; _module_preset=&#8221;default&#8221; header_text_align=&#8221;center&#8221; content_text_align=&#8221;center&#8221; link_option_url=&#8221;@ET-DC@eyJkeW5hbWljIjp0cnVlLCJjb250ZW50IjoicG9zdF9saW5rX3VybF9wYWdlIiwic2V0dGluZ3MiOnsicG9zdF9pZCI6IjY4OCIsImVuYWJsZV9odG1sIjoib2ZmIn19@&#8221; global_colors_info=&#8221;{}&#8221;][dsm_flipbox_child title=&#8221;Bavaria 46 (SHE)&#8221; button_url_new_window=&#8221;1&#8243; _builder_version=&#8221;4.27.4&#8243; _module_preset=&#8221;default&#8221; header_text_color=&#8221;#FFFFFF&#8221; background_image=&#8221;https:\/\/rentaboat-porat.com\/wp-content\/uploads\/2025\/05\/she-11.webp&#8221; background_enable_image=&#8221;on&#8221; header_text_shadow_style=&#8221;preset2&#8243; global_colors_info=&#8221;{}&#8221; parent_header_level=&#8221;h4&#8243;][\/dsm_flipbox_child][dsm_flipbox_child title=&#8221;Bavaria 46 (SHE)&#8221; button_url_new_window=&#8221;1&#8243; _builder_version=&#8221;4.27.4&#8243; _dynamic_attributes=&#8221;link_option_url&#8221; _module_preset=&#8221;default&#8221; background_color=&#8221;#0C71C3&#8243; background_enable_color=&#8221;on&#8221; background_layout=&#8221;dark&#8221; custom_padding=&#8221;|20px||20px|false|false&#8221; link_option_url=&#8221;@ET-DC@eyJkeW5hbWljIjp0cnVlLCJjb250ZW50IjoicG9zdF9saW5rX3VybF9wYWdlIiwic2V0dGluZ3MiOnsicG9zdF9pZCI6IjY4OCIsImVuYWJsZV9odG1sIjoib2ZmIn19@&#8221; global_colors_info=&#8221;{}&#8221; parent_header_level=&#8221;h4&#8243;]<\/p>\n<p>Zaplovite na <strong>Bavariji 46<\/strong>, jedrilici iz <strong>2006.<\/strong> godine dizajniranoj za udobnost i lako\u0107u, s <strong>\u010detiri kabine<\/strong>, <strong>dva WC-a<\/strong> i prakti\u010dnim roll jedrima. S pogodnostima poput <strong>220V invertera<\/strong> i <strong>ledomata<\/strong>, nudi opu\u0161taju\u0107u i luksuznu bazu za istra\u017eivanje otvorenih voda. <\/p>\n<p>[\/dsm_flipbox_child][\/dsm_flipbox][\/et_pb_column][et_pb_column type=&#8221;1_2&#8243; _builder_version=&#8221;4.27.4&#8243; _module_preset=&#8221;default&#8221; global_colors_info=&#8221;{}&#8221;][\/et_pb_column][\/et_pb_row][et_pb_row column_structure=&#8221;1_4,1_4,1_4,1_4&#8243; _builder_version=&#8221;4.27.4&#8243; _module_preset=&#8221;default&#8221; custom_padding=&#8221;173px|||||&#8221; global_colors_info=&#8221;{}&#8221;][et_pb_column type=&#8221;1_4&#8243; _builder_version=&#8221;4.27.4&#8243; _module_preset=&#8221;default&#8221; global_colors_info=&#8221;{}&#8221;][et_pb_blurb title=&#8221;Nazovite nas&#8221; use_icon=&#8221;on&#8221; font_icon=&#8221;&#xe090;||divi||400&#8243; icon_color=&#8221;#000000&#8243; _builder_version=&#8221;4.27.4&#8243; _module_preset=&#8221;default&#8221; text_orientation=&#8221;center&#8221; global_colors_info=&#8221;{}&#8221;]<\/p>\n<p><a href=\"tel:00385915331273\"><span>+385 (0) 91 533 1273<\/span><\/a><\/p>\n<p>[\/et_pb_blurb][\/et_pb_column][et_pb_column type=&#8221;1_4&#8243; _builder_version=&#8221;4.27.4&#8243; _module_preset=&#8221;default&#8221; global_colors_info=&#8221;{}&#8221;][et_pb_blurb title=&#8221;E-Mail&#8221; use_icon=&#8221;on&#8221; font_icon=&#8221;&#xf0e0;||fa||900&#8243; icon_color=&#8221;#000000&#8243; _builder_version=&#8221;4.27.4&#8243; _module_preset=&#8221;default&#8221; text_orientation=&#8221;center&#8221; global_colors_info=&#8221;{}&#8221;]<\/p>\n<p><a href=\"mailto:porat.rentaboat@gmail.com\">porat.rentaboat@gmail.com<\/a><\/p>\n<p>[\/et_pb_blurb][\/et_pb_column][et_pb_column type=&#8221;1_4&#8243; _builder_version=&#8221;4.27.4&#8243; _module_preset=&#8221;default&#8221; global_colors_info=&#8221;{}&#8221;][et_pb_blurb title=&#8221;Instagram&#8221; use_icon=&#8221;on&#8221; font_icon=&#8221;&#xe09a;||divi||400&#8243; icon_color=&#8221;#000000&#8243; _builder_version=&#8221;4.27.4&#8243; _module_preset=&#8221;default&#8221; text_orientation=&#8221;center&#8221; global_colors_info=&#8221;{}&#8221;]<\/p>\n<p><a href=\"https:\/\/www.instagram.com\/rentaboat_porat\/\" target=\"_blank\" rel=\"noopener\"><span>@rentaboat_porat<\/span><\/a><\/p>\n<p>[\/et_pb_blurb][\/et_pb_column][et_pb_column type=&#8221;1_4&#8243; _builder_version=&#8221;4.27.4&#8243; _module_preset=&#8221;default&#8221; global_colors_info=&#8221;{}&#8221;][et_pb_blurb title=&#8221;Location&#8221; use_icon=&#8221;on&#8221; font_icon=&#8221;&#xe083;||divi||400&#8243; icon_color=&#8221;#000000&#8243; _builder_version=&#8221;4.27.4&#8243; _module_preset=&#8221;default&#8221; text_orientation=&#8221;center&#8221; global_colors_info=&#8221;{}&#8221;]Porat 51511, Malinska, Otok Krk[\/et_pb_blurb][\/et_pb_column][\/et_pb_row][\/et_pb_section][et_pb_section fb_built=&#8221;1&#8243; fullwidth=&#8221;on&#8221; _builder_version=&#8221;4.27.4&#8243; _module_preset=&#8221;default&#8221; global_colors_info=&#8221;{}&#8221;][et_pb_fullwidth_map address=&#8221;51511, Malinska, Hrvatska&#8221; zoom_level=&#8221;16&#8243; address_lat=&#8221;45.1250642&#8243; address_lng=&#8221;14.5288239&#8243; _builder_version=&#8221;4.27.4&#8243; _module_preset=&#8221;default&#8221; global_colors_info=&#8221;{}&#8221;][et_pb_map_pin pin_address=&#8221;Obala 22, 51511, Malinska, Hrvatska&#8221; zoom_level=&#8221;20&#8243; pin_address_lat=&#8221;45.124303424485&#8243; pin_address_lng=&#8221;14.525990146176&#8243; _builder_version=&#8221;4.27.4&#8243; _module_preset=&#8221;default&#8221; global_colors_info=&#8221;{}&#8221;][\/et_pb_map_pin][\/et_pb_fullwidth_map][\/et_pb_section]<\/p>\n","protected":false},"excerpt":{"rendered":"<p>Krenite u avanturu du\u017e prekrasne jadranske obale, gdje vas \u010deka na\u0161a raznolika flota plovila kako bi unaprijedila va\u0161e istra\u017eivanje. Svaki je brod pa\u017eljivo opremljen kako bi osigurao va\u0161u udobnost i u\u017eivanje, omogu\u0107uju\u0107i vam da se lako prepustite zadivljuju\u0107im krajolicima, \u017eivahnom morskom \u017eivotu i skrivenim uvalama koje krase obalu. Bilo da tra\u017eite dan mira na vodi ili uzbudljivo putovanje s obitelji i prijateljima, na\u0161e fleksibilne opcije najma udovoljavaju svakoj \u017eelji. Otkrijte \u010daroliju hrvatskog mora s nama i stvorite nezaboravne uspomene koje \u0107e trajati cijeli \u017eivot. <div class=\"et_pb_module dsm_flipbox dsm_flipbox_0\">\n\t\t\t\t\n\t\t\t\t\n\t\t\t\t\n\t\t\t\t\n\t\t\t\t\n\t\t\t\t\n\t\t\t\t<div class=\"et_pb_module_inner\">\n\t\t\t\t\t<div class=\"dsm-flipbox dsm-flipbox-effect-right dsm_flipbox_hover\"><div class=\"et_pb_module dsm_flipbox_child dsm_flipbox_child_0 et_pb_bg_layout_light  dsm_flipbox_icon_position_top\">\n\t\t\t\t\n\t\t\t\t\n\t\t\t\t\n\t\t\t\t\n\t\t\t\t\n\t\t\t\t\n\t\t\t\t<div class=\"et_pb_module_inner\">\n\t\t\t\t\t\n\t\t\t\n\t\t\t<div class=\"dsm_flipbox_wrapper et_pb_text_align_left\">\n\t\t\t\t<h4 class=\"dsm-title et_pb_module_header\">Bavaria 46 (SHE)<\/h4>\n\t\t\t\t\n\t\t\t\t\n\t\t\t\t\n\t\t\t<\/div>\n\t\t\t\t<\/div>\n\t\t\t<\/div><div class=\"et_pb_module dsm_flipbox_child dsm_flipbox_child_1 et_pb_bg_layout_dark  dsm_flipbox_icon_position_top\">\n\t\t\t\t\n\t\t\t\t\n\t\t\t\t\n\t\t\t\t\n\t\t\t\t\n\t\t\t\t\n\t\t\t\t<div class=\"et_pb_module_inner\">\n\t\t\t\t\t\n\t\t\t\n\t\t\t<div class=\"dsm_flipbox_wrapper et_pb_text_align_left\">\n\t\t\t\t<h4 class=\"dsm-title et_pb_module_header\">Bavaria 46 (SHE)<\/h4>\n\t\t\t\t\n\t\t\t\t<div class=\"dsm-content\">Zaplovite na Bavariji 46, jedrilici iz 2006. godine dizajniranoj za udobnost i lako\u0107u, s \u010detiri kabine, dva WC-a i prakti\u010dnim roll jedrima. S pogodnostima poput 220V invertera i ledomata, nudi opu\u0161taju\u0107u i luksuznu bazu za istra\u017eivanje otvorenih voda. <\/div>\n\t\t\t\t\n\t\t\t<\/div>\n\t\t\t\t<\/div>\n\t\t\t<\/div><\/div>\n\t\t\t\t<\/div>\n\t\t\t<\/div>+385 (0) 91 533 1273porat.rentaboat@gmail.com@rentaboat_poratPorat 51511, Malinska, Otok Krk<\/p>\n","protected":false},"author":1,"featured_media":0,"parent":0,"menu_order":0,"comment_status":"closed","ping_status":"closed","template":"","meta":{"_et_pb_use_builder":"on","_et_pb_old_content":"","_et_gb_content_width":"","footnotes":""},"class_list":["post-789","page","type-page","status-publish","hentry"],"_links":{"self":[{"href":"https:\/\/rentaboat-porat.com\/hr\/wp-json\/wp\/v2\/pages\/789","targetHints":{"allow":["GET"]}}],"collection":[{"href":"https:\/\/rentaboat-porat.com\/hr\/wp-json\/wp\/v2\/pages"}],"about":[{"href":"https:\/\/rentaboat-porat.com\/hr\/wp-json\/wp\/v2\/types\/page"}],"author":[{"embeddable":true,"href":"https:\/\/rentaboat-porat.com\/hr\/wp-json\/wp\/v2\/users\/1"}],"replies":[{"embeddable":true,"href":"https:\/\/rentaboat-porat.com\/hr\/wp-json\/wp\/v2\/comments?post=789"}],"version-history":[{"count":4,"href":"https:\/\/rentaboat-porat.com\/hr\/wp-json\/wp\/v2\/pages\/789\/revisions"}],"predecessor-version":[{"id":802,"href":"https:\/\/rentaboat-porat.com\/hr\/wp-json\/wp\/v2\/pages\/789\/revisions\/802"}],"wp:attachment":[{"href":"https:\/\/rentaboat-porat.com\/hr\/wp-json\/wp\/v2\/media?parent=789"}],"curies":[{"name":"wp","href":"https:\/\/api.w.org\/{rel}","templated":true}]}}