{"id":835,"date":"2025-07-05T15:56:59","date_gmt":"2025-07-05T15:56:59","guid":{"rendered":"https:\/\/rentaboat-porat.com\/blog-vivi-ladriatico\/"},"modified":"2025-07-07T06:01:37","modified_gmt":"2025-07-07T06:01:37","slug":"blog-vivi-ladriatico","status":"publish","type":"page","link":"https:\/\/rentaboat-porat.com\/it\/blog-vivi-ladriatico\/","title":{"rendered":"Blog &#8211; Vivi l&#8217;Adriatico"},"content":{"rendered":"<p>[et_pb_section fb_built=&#8221;1&#8243; fullwidth=&#8221;on&#8221; _builder_version=&#8221;4.27.4&#8243; _module_preset=&#8221;default&#8221; global_colors_info=&#8221;{}&#8221;][et_pb_fullwidth_header title=&#8221;Esplora le meraviglie della costa adriatica&#8221; text_orientation=&#8221;center&#8221; _builder_version=&#8221;4.27.4&#8243; _module_preset=&#8221;default&#8221; subhead_font=&#8221;|&#8211;et_global_heading_font_weight|||||||&#8221; background_enable_color=&#8221;off&#8221; background_image=&#8221;https:\/\/rentaboat-porat.com\/wp-content\/uploads\/2025\/07\/sea-7086932_1920.webp&#8221; background_blend=&#8221;multiply&#8221; custom_padding=&#8221;120px||120px||false|false&#8221; global_colors_info=&#8221;{}&#8221;]<\/p>\n<p>Inizia il tuo viaggio adriatico dalle splendide localit\u00e0 di Krk, Malinska e Porat, dove ogni onda invita all&#8217;esplorazione e alla tranquillit\u00e0. Le nostre guide esperte ti aiuteranno a scoprire calette nascoste, vivaci citt\u00e0 di mare e deliziosi piatti locali. Che tu sia un marinaio esperto o un principiante, naviga lungo la costa illuminata dal sole e crea ricordi indimenticabili in questo paradiso marittimo mozzafiato.  <\/p>\n<p>[\/et_pb_fullwidth_header][\/et_pb_section][et_pb_section fb_built=&#8221;1&#8243; _builder_version=&#8221;4.27.4&#8243; _module_preset=&#8221;default&#8221; global_colors_info=&#8221;{}&#8221;][et_pb_row use_custom_gutter=&#8221;on&#8221; gutter_width=&#8221;2&#8243; _builder_version=&#8221;4.27.4&#8243; _module_preset=&#8221;default&#8221; custom_margin=&#8221;0px||0px||false|false&#8221; custom_padding=&#8221;6px||6px||false|false&#8221; saved_tabs=&#8221;all&#8221; global_colors_info=&#8221;{}&#8221;][et_pb_column type=&#8221;4_4&#8243; _builder_version=&#8221;4.27.4&#8243; _module_preset=&#8221;default&#8221; global_colors_info=&#8221;{}&#8221;][et_pb_blog_extras _builder_version=&#8221;4.27.4&#8243; _module_preset=&#8221;default&#8221; hover_enabled=&#8221;0&#8243; global_colors_info=&#8221;{}&#8221; show_author=&#8221;off&#8221; show_date=&#8221;off&#8221; show_categories=&#8221;off&#8221; show_comments=&#8221;off&#8221; sticky_enabled=&#8221;0&#8243;][\/et_pb_blog_extras][\/et_pb_column][\/et_pb_row][et_pb_row column_structure=&#8221;1_4,1_4,1_4,1_4&#8243; _builder_version=&#8221;4.27.4&#8243; _module_preset=&#8221;default&#8221; custom_padding=&#8221;173px|||||&#8221; global_colors_info=&#8221;{}&#8221;][et_pb_column type=&#8221;1_4&#8243; _builder_version=&#8221;4.27.4&#8243; _module_preset=&#8221;default&#8221; global_colors_info=&#8221;{}&#8221;][et_pb_blurb title=&#8221;Chiamateci&#8221; use_icon=&#8221;on&#8221; font_icon=&#8221;&#xe090;||divi||400&#8243; icon_color=&#8221;#000000&#8243; _builder_version=&#8221;4.27.4&#8243; _module_preset=&#8221;default&#8221; text_orientation=&#8221;center&#8221; global_colors_info=&#8221;{}&#8221;]<\/p>\n<p><a href=\"tel:00385915331273\"><span>+385 (0) 91 533 1273<\/span><\/a><\/p>\n<p>[\/et_pb_blurb][\/et_pb_column][et_pb_column type=&#8221;1_4&#8243; _builder_version=&#8221;4.27.4&#8243; _module_preset=&#8221;default&#8221; global_colors_info=&#8221;{}&#8221;][et_pb_blurb title=&#8221;Posta elettronica&#8221; use_icon=&#8221;on&#8221; font_icon=&#8221;&#xf0e0;||fa||900&#8243; icon_color=&#8221;#000000&#8243; _builder_version=&#8221;4.27.4&#8243; _module_preset=&#8221;default&#8221; text_orientation=&#8221;center&#8221; global_colors_info=&#8221;{}&#8221;]<\/p>\n<p><a href=\"mailto:porat.rentaboat@gmail.com\">porat.rentaboat@gmail.com<\/a><\/p>\n<p>[\/et_pb_blurb][\/et_pb_column][et_pb_column type=&#8221;1_4&#8243; _builder_version=&#8221;4.27.4&#8243; _module_preset=&#8221;default&#8221; global_colors_info=&#8221;{}&#8221;][et_pb_blurb title=&#8221;Instagram&#8221; use_icon=&#8221;on&#8221; font_icon=&#8221;&#xe09a;||divi||400&#8243; icon_color=&#8221;#000000&#8243; _builder_version=&#8221;4.27.4&#8243; _module_preset=&#8221;default&#8221; text_orientation=&#8221;center&#8221; global_colors_info=&#8221;{}&#8221;]<\/p>\n<p><a href=\"https:\/\/www.instagram.com\/rentaboat_porat\/\" target=\"_blank\" rel=\"noopener\"><span>@rentaboat_porat<\/span><\/a><\/p>\n<p>[\/et_pb_blurb][\/et_pb_column][et_pb_column type=&#8221;1_4&#8243; _builder_version=&#8221;4.27.4&#8243; _module_preset=&#8221;default&#8221; global_colors_info=&#8221;{}&#8221;][et_pb_blurb title=&#8221;Posizione&#8221; use_icon=&#8221;on&#8221; font_icon=&#8221;&#xe083;||divi||400&#8243; icon_color=&#8221;#000000&#8243; _builder_version=&#8221;4.27.4&#8243; _module_preset=&#8221;default&#8221; text_orientation=&#8221;center&#8221; global_colors_info=&#8221;{}&#8221;]Porat 51511, Malinska, Isola di Krk[\/et_pb_blurb][\/et_pb_column][\/et_pb_row][\/et_pb_section]<\/p>\n","protected":false},"excerpt":{"rendered":"<p>Inizia il tuo viaggio adriatico dalle splendide localit\u00e0 di Krk, Malinska e Porat, dove ogni onda invita all&#8217;esplorazione e alla tranquillit\u00e0. Le nostre guide esperte ti aiuteranno a scoprire calette nascoste, vivaci citt\u00e0 di mare e deliziosi piatti locali. Che tu sia un marinaio esperto o un principiante, naviga lungo la costa illuminata dal sole e crea ricordi indimenticabili in questo paradiso marittimo mozzafiato. +385 (0) 91 533 1273porat.rentaboat@gmail.com@rentaboat_poratPorat 51511, Malinska, Isola di Krk<\/p>\n","protected":false},"author":1,"featured_media":0,"parent":0,"menu_order":0,"comment_status":"closed","ping_status":"closed","template":"","meta":{"_et_pb_use_builder":"on","_et_pb_old_content":"","_et_gb_content_width":"","footnotes":""},"class_list":["post-835","page","type-page","status-publish","hentry"],"_links":{"self":[{"href":"https:\/\/rentaboat-porat.com\/it\/wp-json\/wp\/v2\/pages\/835","targetHints":{"allow":["GET"]}}],"collection":[{"href":"https:\/\/rentaboat-porat.com\/it\/wp-json\/wp\/v2\/pages"}],"about":[{"href":"https:\/\/rentaboat-porat.com\/it\/wp-json\/wp\/v2\/types\/page"}],"author":[{"embeddable":true,"href":"https:\/\/rentaboat-porat.com\/it\/wp-json\/wp\/v2\/users\/1"}],"replies":[{"embeddable":true,"href":"https:\/\/rentaboat-porat.com\/it\/wp-json\/wp\/v2\/comments?post=835"}],"version-history":[{"count":2,"href":"https:\/\/rentaboat-porat.com\/it\/wp-json\/wp\/v2\/pages\/835\/revisions"}],"predecessor-version":[{"id":837,"href":"https:\/\/rentaboat-porat.com\/it\/wp-json\/wp\/v2\/pages\/835\/revisions\/837"}],"wp:attachment":[{"href":"https:\/\/rentaboat-porat.com\/it\/wp-json\/wp\/v2\/media?parent=835"}],"curies":[{"name":"wp","href":"https:\/\/api.w.org\/{rel}","templated":true}]}}